{"id":836,"date":"2025-11-22T16:17:39","date_gmt":"2025-11-22T16:17:39","guid":{"rendered":"https:\/\/akustikputsarna.se\/?page_id=836"},"modified":"2026-04-14T14:23:12","modified_gmt":"2026-04-14T13:23:12","slug":"specialister-pa-hem-akustikputs","status":"publish","type":"page","link":"https:\/\/akustikputsarna.se\/en\/specialister-pa-hem-akustikputs\/","title":{"rendered":"Specialists in Home Acoustic Plaster"},"content":{"rendered":"\n<div class=\"wp-block-group alignfull has-background-background-color has-background has-global-padding is-layout-constrained wp-container-core-group-is-layout-254d6575 wp-block-group-is-layout-constrained\" id=\"portfolj\" style=\"margin-top:0;margin-bottom:0;padding-top:var(--wp--preset--spacing--60);padding-right:var(--wp--preset--spacing--30);padding-bottom:var(--wp--preset--spacing--60);padding-left:var(--wp--preset--spacing--30)\">\n<div class=\"wp-block-columns is-layout-flex wp-container-core-columns-is-layout-28f84493 wp-block-columns-is-layout-flex\">\n<div class=\"wp-block-column is-layout-flow wp-block-column-is-layout-flow\" style=\"flex-basis:20%\">\n<figure class=\"wp-block-image size-full\"><img loading=\"lazy\" decoding=\"async\" width=\"44\" height=\"44\" src=\"https:\/\/akustikputsarna.se\/wp-content\/uploads\/2026\/03\/AkustikPutsarnaFavIcon.png\" alt=\"Akustikputsarna - Akustikputsarna \u00e4r er partner f\u00f6r kvalitets akustiktak och akustikputs i Stockholm.\" class=\"wp-image-1456\" srcset=\"https:\/\/akustikputsarna.se\/wp-content\/uploads\/2026\/03\/AkustikPutsarnaFavIcon.png 44w, https:\/\/akustikputsarna.se\/wp-content\/uploads\/2026\/03\/AkustikPutsarnaFavIcon-12x12.png 12w\" sizes=\"auto, (max-width: 44px) 100vw, 44px\" \/><\/figure>\n<\/div>\n\n\n\n<div class=\"wp-block-column is-layout-flow wp-block-column-is-layout-flow\" style=\"flex-basis:100%\">\n<div class=\"wp-block-group alignwide is-vertical is-layout-flex wp-container-core-group-is-layout-2a2a7e69 wp-block-group-is-layout-flex\" style=\"margin-bottom:var(--wp--preset--spacing--20)\">\n<div class=\"wp-block-group alignwide has-global-padding is-content-justification-left is-layout-constrained wp-container-core-group-is-layout-8b4c372c wp-block-group-is-layout-constrained\">\n<h2 class=\"wp-block-heading has-large-font-size\">\u00d6ka v\u00e4lbefinnandet d\u00e4r det \u00e4r som viktigast. Hemma.<\/h2>\n\n\n\n<p style=\"margin-top:16px\">Upplev h\u00e4lsosam arkitektur p\u00e5 den viktigaste platsen \u2013 ditt hem. Prioritera ditt v\u00e4lbefinnande genom att f\u00f6rb\u00e4ttra rumsakustiken i ditt hem.<\/p>\n<\/div>\n<\/div>\n<\/div>\n<\/div>\n\n\n\n<div class=\"wp-block-gutsliders-photo-carousel alignwide gutslider-96603376 nav_outside nav_cc\" data-swiper-options=\"{&quot;slidesPerView&quot;:1,&quot;spaceBetween&quot;:0,&quot;loop&quot;:true,&quot;autoplay&quot;:{&quot;delay&quot;:1000,&quot;pauseOnMouseEnter&quot;:true,&quot;stopOnLastSlide&quot;:false,&quot;reverseDirection&quot;:false},&quot;speed&quot;:2400,&quot;effect&quot;:&quot;slide&quot;,&quot;keyboard&quot;:{&quot;enabled&quot;:false},&quot;mousewheel&quot;:false,&quot;breakpoints&quot;:{&quot;320&quot;:{&quot;slidesPerView&quot;:1,&quot;spaceBetween&quot;:0},&quot;768&quot;:{&quot;slidesPerView&quot;:2,&quot;spaceBetween&quot;:15},&quot;1025&quot;:{&quot;slidesPerView&quot;:&quot;1&quot;,&quot;spaceBetween&quot;:15}},&quot;navigation&quot;:false,&quot;pagination&quot;:false}\"><div class=\"swiper\"><div class=\"swiper-wrapper\"><div class=\"swiper-slide\"><div class=\"swiper-container-outer none\"><img decoding=\"async\" src=\"https:\/\/akustikputsarna.se\/wp-content\/uploads\/2025\/11\/villa.jpg\" alt=\"\"\/><\/div><\/div><div class=\"swiper-slide\"><div class=\"swiper-container-outer none\"><img decoding=\"async\" src=\"https:\/\/akustikputsarna.se\/wp-content\/uploads\/2025\/12\/villa-bras_2018_belgium_baswa-phon-classic-fine-21-c-lenzer-1920x1080-1.jpg\" alt=\"\"\/><\/div><\/div><\/div><\/div><\/div>\n\n\n\n<h2 class=\"wp-block-heading alignwide\">\u00d6ka v\u00e4lbefinnandet med bra akustik<\/h2>\n\n\n\n<div class=\"wp-block-columns alignwide is-layout-flex wp-container-core-columns-is-layout-28f84493 wp-block-columns-is-layout-flex\">\n<div class=\"wp-block-column is-vertically-aligned-center has-global-padding is-content-justification-left is-layout-constrained wp-container-core-column-is-layout-17dd1b49 wp-block-column-is-layout-constrained\">\n<p class=\"has-text-align-left\">Akustikputsarna l\u00f6sningar minskar efterklangstiden och ers\u00e4tter omgivande buller och eko med en behaglig milj\u00f6 som fr\u00e4mjar familjeliv, l\u00e4rande, arbete och allm\u00e4n h\u00e4lsa. BASWAs h\u00f6gpresterande akustiska l\u00f6sningar \u00e4r helt anpassningsbara f\u00f6r att sm\u00e4lta in i ditt hem, och med en A+ inomhusemissionsklass kan du vara s\u00e4ker p\u00e5 att det \u00e4r 100 % s\u00e4kert. F\u00f6rutom BASWA Phon och BASWA Natural \u00e4r BASWA Cool \u00e4ven l\u00e4mplig f\u00f6r ditt hem. BASWA Cool kombinerar osynlig uppv\u00e4rmning och kylning med utm\u00e4rkt ljudabsorption.<\/p>\n<\/div>\n<\/div>\n\n\n\n<h2 class=\"wp-block-heading alignwide\">Why a BASWA acoustic ceiling for your home?<\/h2>\n\n\n\n<p><\/p>\n\n\n\n\n\n<div style=\"height:13px\" aria-hidden=\"true\" class=\"wp-block-spacer\"><\/div>\n\n\n\n<div class=\"wp-block-columns alignwide are-vertically-aligned-center has-tertiary-background-color has-background is-layout-flex wp-container-core-columns-is-layout-8eb77903 wp-block-columns-is-layout-flex\" style=\"margin-top:0;margin-bottom:0\">\n<div class=\"wp-block-column is-vertically-aligned-center is-layout-flow wp-block-column-is-layout-flow\">\n<div class=\"wp-block-group alignfull has-tertiary-background-color has-background has-global-padding is-content-justification-center is-layout-constrained wp-container-core-group-is-layout-2d307409 wp-block-group-is-layout-constrained\" style=\"padding-top:var(--wp--preset--spacing--60);padding-right:var(--wp--preset--spacing--40);padding-bottom:var(--wp--preset--spacing--60);padding-left:var(--wp--preset--spacing--40)\">\n<h1 class=\"wp-block-heading has-x-large-font-size\">F\u00f6rb\u00e4ttra rumsakustik<\/h1>\n\n\n\n<p class=\"has-small-font-size\" style=\"margin-top:16px\">Rumsakustik \u00e4r lika viktigt som naturligt ljus. Vi kan p\u00e5tagligt minimera stress och \u00f6ka v\u00e4lbefinnandet hemma. \u00c4ntligen kan vi njuta av att \u00e4ta middag med v\u00e4nner och familj och bli mer produktiva n\u00e4r vi l\u00e4r oss eller arbetar p\u00e5 hemmakontoret.<\/p>\n\n\n\n<div class=\"wp-block-buttons is-content-justification-left is-layout-flex wp-container-core-buttons-is-layout-3535db69 wp-block-buttons-is-layout-flex\" style=\"margin-top:var(--wp--preset--spacing--30)\">\n<div class=\"wp-block-button\"><a class=\"wp-block-button__link wp-element-button\" href=\"https:\/\/akustikputsarna.se\/halsa-och-valbefinnande\/\">H\u00e4lsosam arkitektur<\/a><\/div>\n<\/div>\n<\/div>\n<\/div>\n\n\n\n<div class=\"wp-block-column is-vertically-aligned-center is-layout-flow wp-block-column-is-layout-flow\">\n<div class=\"wp-block-group alignfull is-vertical is-layout-flex wp-container-core-group-is-layout-fe9cc265 wp-block-group-is-layout-flex\">\n<figure class=\"wp-block-image size-full\"><img loading=\"lazy\" decoding=\"async\" width=\"768\" height=\"576\" src=\"https:\/\/akustikputsarna.se\/wp-content\/uploads\/2025\/12\/caring-wood_riba-house-of-the-year_c-james-morris-4-768x576-1.jpg\" alt=\"\" class=\"wp-image-1097\" srcset=\"https:\/\/akustikputsarna.se\/wp-content\/uploads\/2025\/12\/caring-wood_riba-house-of-the-year_c-james-morris-4-768x576-1.jpg 768w, https:\/\/akustikputsarna.se\/wp-content\/uploads\/2025\/12\/caring-wood_riba-house-of-the-year_c-james-morris-4-768x576-1-300x225.jpg 300w, https:\/\/akustikputsarna.se\/wp-content\/uploads\/2025\/12\/caring-wood_riba-house-of-the-year_c-james-morris-4-768x576-1-16x12.jpg 16w\" sizes=\"auto, (max-width: 768px) 100vw, 768px\" \/><\/figure>\n<\/div>\n<\/div>\n<\/div>\n\n\n\n<div class=\"wp-block-columns alignwide are-vertically-aligned-center has-background is-layout-flex wp-container-core-columns-is-layout-8eb77903 wp-block-columns-is-layout-flex\" style=\"background-color:#e8e7e67a;margin-top:0;margin-bottom:0\">\n<div class=\"wp-block-column is-vertically-aligned-center is-layout-flow wp-block-column-is-layout-flow\">\n<div class=\"wp-block-group alignfull is-vertical is-layout-flex wp-container-core-group-is-layout-fe9cc265 wp-block-group-is-layout-flex\">\n<figure class=\"wp-block-image size-full\"><img loading=\"lazy\" decoding=\"async\" width=\"768\" height=\"576\" src=\"https:\/\/akustikputsarna.se\/wp-content\/uploads\/2025\/11\/Office.jpg\" alt=\"\" class=\"wp-image-323\" srcset=\"https:\/\/akustikputsarna.se\/wp-content\/uploads\/2025\/11\/Office.jpg 768w, https:\/\/akustikputsarna.se\/wp-content\/uploads\/2025\/11\/Office-300x225.jpg 300w\" sizes=\"auto, (max-width: 768px) 100vw, 768px\" \/><\/figure>\n<\/div>\n<\/div>\n\n\n\n<div class=\"wp-block-column is-vertically-aligned-center is-layout-flow wp-block-column-is-layout-flow\">\n<div class=\"wp-block-group alignfull has-global-padding is-content-justification-center is-layout-constrained wp-container-core-group-is-layout-2d307409 wp-block-group-is-layout-constrained\" style=\"padding-top:var(--wp--preset--spacing--60);padding-right:var(--wp--preset--spacing--40);padding-bottom:var(--wp--preset--spacing--60);padding-left:var(--wp--preset--spacing--40)\">\n<h2 class=\"wp-block-heading has-x-large-font-size\">Brett utbud av applikationer<\/h2>\n\n\n\n<p class=\"has-small-font-size\" style=\"margin-top:16px\">BASWA kan installeras var som helst i ditt hem. F\u00f6rutom vardagsrummet, k\u00f6ket\/matsalen eller hallen \u00e4r \u00e4ven inomhuspooler och spa-omr\u00e5den m\u00f6jliga. T\u00e4ckta utomhusomr\u00e5den som balkongundertak kan ocks\u00e5 behandlas, vilket minskar reflekterat buller.<\/p>\n<\/div>\n<\/div>\n<\/div>\n<\/div>\n\n\n        <div class=\"gutslider-1116e630 nav_inside nav_cc alignwide wp-block-gutsliders-post-slider\" data-swiper-options=\"{&quot;slidesPerView&quot;:1,&quot;spaceBetween&quot;:0,&quot;loop&quot;:true,&quot;autoplay&quot;:false,&quot;speed&quot;:800,&quot;effect&quot;:&quot;creative&quot;,&quot;creativeEffect&quot;:{&quot;prev&quot;:{&quot;shadow&quot;:true,&quot;translate&quot;:[&quot;-20%&quot;,0,-1]},&quot;next&quot;:{&quot;translate&quot;:[&quot;100%&quot;,0,0]}},&quot;keyboard&quot;:{&quot;enabled&quot;:false},&quot;mousewheel&quot;:false,&quot;navigation&quot;:{&quot;nextEl&quot;:&quot;.gutslider-1116e630 .swiper-button-next&quot;,&quot;prevEl&quot;:&quot;.gutslider-1116e630 .swiper-button-prev&quot;},&quot;pagination&quot;:{&quot;el&quot;:&quot;.gutslider-1116e630 .swiper-pagination&quot;,&quot;type&quot;:&quot;bullets&quot;,&quot;dynamicBullets&quot;:false,&quot;clickable&quot;:true}}\"\n                    >\n                <div class=\"swiper\">\n                    <div class=\"swiper-wrapper\">\n                                                    <div class=\"swiper-slide slide-mode\">\n                                    <div class=\"swiper-container-outer\"\n                                                                                    style=\"background-image: url(https:\/\/akustikputsarna.se\/wp-content\/uploads\/2025\/11\/villa-bras_2018_belgium_baswa-phon-classic-fine-22-c-lenzer-480x480-1.jpg); background-position: center center;\"\n                                                                            >\n                                                                                    <div class=\"gutslider-overlay\"><\/div>\n                                                                                                                        <div class=\"gutslider-content-wrapper\">\n                                            <div class=\"gutslider-content-inner\">\n                                                \n                                                                                                    <a href=\"https:\/\/akustikputsarna.se\/halsosam-arkitektur\/\" class=\"post-title\"><h2 class=\"post-title \">H\u00e4lsosam Arkitektur<\/h2><\/a>                                                \n                                                                                                    <div class=\"post-excerpt \">\n                                                        H\u00e4lsosam arkitektur \u00e4r estetisk arkitektur som har en positiv effekt p\u00e5 h\u00e4lsa och v\u00e4lbefinnande. Med v\u00e4xande vetenskaplig kunskap spelar rumsakustik&#8230;                                                    <\/div>\n                                                \n                                                                                                    <div class=\"post-cta-wrapper \">\n                                                        <a href=\"https:\/\/akustikputsarna.se\/halsosam-arkitektur\/\" class=\"post-cta\">\n                                                            L\u00e4s mer                                                        <\/a>\n                                                    <\/div>\n                                                                                            <\/div>\n                                        <\/div>\n                                    <\/div>\n                                <\/div>\n                                                                <div class=\"swiper-slide slide-mode\">\n                                    <div class=\"swiper-container-outer\"\n                                                                                    style=\"background-image: url(https:\/\/akustikputsarna.se\/wp-content\/uploads\/2025\/11\/health-and-wellbeing-natura-768x432-1.jpg); background-position: center center;\"\n                                                                            >\n                                                                                    <div class=\"gutslider-overlay\"><\/div>\n                                                                                                                        <div class=\"gutslider-content-wrapper\">\n                                            <div class=\"gutslider-content-inner\">\n                                                \n                                                                                                    <a href=\"https:\/\/akustikputsarna.se\/halsa-och-valbefinnande\/\" class=\"post-title\"><h2 class=\"post-title \">H\u00e4lsa och v\u00e4lbefinnande<\/h2><\/a>                                                \n                                                                                                    <div class=\"post-excerpt \">\n                                                        Ljud \u00e4r fundamentalt viktigt f\u00f6r v\u00e5r h\u00e4lsa och v\u00e5rt v\u00e4lbefinnande. Optimerad rumsakustik inneb\u00e4r minskat buller, vilket kan minska stress. God&#8230;                                                    <\/div>\n                                                \n                                                                                                    <div class=\"post-cta-wrapper \">\n                                                        <a href=\"https:\/\/akustikputsarna.se\/halsa-och-valbefinnande\/\" class=\"post-cta\">\n                                                            L\u00e4s mer                                                        <\/a>\n                                                    <\/div>\n                                                                                            <\/div>\n                                        <\/div>\n                                    <\/div>\n                                <\/div>\n                                                    <\/div>\n                                                    <div class=\"gutslider-nav nav_inside nav_cc\">\n                                                                            <div class=\"swiper-button-prev\"><\/div>\n                                        <div class=\"swiper-button-next\"><\/div>\n                                                                    <\/div>\n                                                                                <div class=\"swiper-pagination\"><\/div>\n                                            <\/div>\n                            <\/div>  \n        \n\n\n<div class=\"wp-block-group alignfull has-background-background-color has-background has-global-padding is-layout-constrained wp-container-core-group-is-layout-7276a2bb wp-block-group-is-layout-constrained\" id=\"om\" style=\"margin-top:0;margin-bottom:0;padding-top:var(--wp--preset--spacing--60);padding-right:var(--wp--preset--spacing--30);padding-bottom:var(--wp--preset--spacing--60);padding-left:var(--wp--preset--spacing--30)\">\n<div class=\"wp-block-columns alignwide is-layout-flex wp-container-core-columns-is-layout-47c06fe3 wp-block-columns-is-layout-flex\">\n<div class=\"wp-block-column is-layout-flow wp-container-core-column-is-layout-119bc444 wp-block-column-is-layout-flow\" style=\"flex-basis:60%\">\n<h2 class=\"wp-block-heading\">Skr\u00e4ddarsydda akustikl\u00f6sningar f\u00f6r exklusiva byggprojekt<\/h2>\n\n\n\n<p class=\"has-medium-font-size\" style=\"margin-top:16px\">H\u00e4r presenteras v\u00e5r passion f\u00f6r akustikputs och design, med fokus p\u00e5 att skapa skr\u00e4ddarsydda l\u00f6sningar som f\u00f6rh\u00f6jer arkitektur och ljudmilj\u00f6.<\/p>\n<\/div>\n\n\n\n<div class=\"wp-block-column is-vertically-aligned-top is-layout-flow wp-container-core-column-is-layout-f5bb311e wp-block-column-is-layout-flow\" style=\"flex-basis:50%\"><\/div>\n<\/div>\n\n\n\n<div class=\"wp-block-cover alignwide is-light\" style=\"border-top-left-radius:0rem;border-top-right-radius:0rem;border-bottom-left-radius:0rem;border-bottom-right-radius:0rem;min-height:30vh;aspect-ratio:unset;\"><img loading=\"lazy\" decoding=\"async\" width=\"700\" height=\"526\" class=\"wp-block-cover__image-background wp-image-87 size-full\" alt=\"\" src=\"https:\/\/akustikputsarna.se\/wp-content\/uploads\/2025\/11\/villa.jpg\" data-object-fit=\"cover\" srcset=\"https:\/\/akustikputsarna.se\/wp-content\/uploads\/2025\/11\/villa.jpg 700w, https:\/\/akustikputsarna.se\/wp-content\/uploads\/2025\/11\/villa-300x225.jpg 300w\" sizes=\"auto, (max-width: 700px) 100vw, 700px\" \/><span aria-hidden=\"true\" class=\"wp-block-cover__background has-background-dim-0 has-background-dim\" style=\"background-color:#a7afaa\"><\/span><div class=\"wp-block-cover__inner-container is-layout-flow wp-block-cover-is-layout-flow\">\n<div style=\"height:100px\" aria-hidden=\"true\" class=\"wp-block-spacer\"><\/div>\n<\/div><\/div>\n<\/div>\n","protected":false},"excerpt":{"rendered":"<p>\u00d6ka v\u00e4lbefinnandet d\u00e4r det \u00e4r som viktigast. Hemma. Upplev h\u00e4lsosam arkitektur p\u00e5 den viktigaste platsen \u2013 ditt hem. Prioritera ditt v\u00e4lbefinnande genom att f\u00f6rb\u00e4ttra rumsakustiken i ditt hem. \u00d6ka v\u00e4lbefinnandet med bra akustik Akustikputsarna l\u00f6sningar minskar efterklangstiden och ers\u00e4tter omgivande buller och eko med en behaglig milj\u00f6 som fr\u00e4mjar familjeliv, l\u00e4rande, arbete och allm\u00e4n h\u00e4lsa. [&hellip;]<\/p>\n","protected":false},"author":1,"featured_media":752,"parent":0,"menu_order":0,"comment_status":"closed","ping_status":"closed","template":"page-with-title","meta":{"footnotes":""},"class_list":["post-836","page","type-page","status-publish","has-post-thumbnail","hentry"],"_links":{"self":[{"href":"https:\/\/akustikputsarna.se\/en\/wp-json\/wp\/v2\/pages\/836","targetHints":{"allow":["GET"]}}],"collection":[{"href":"https:\/\/akustikputsarna.se\/en\/wp-json\/wp\/v2\/pages"}],"about":[{"href":"https:\/\/akustikputsarna.se\/en\/wp-json\/wp\/v2\/types\/page"}],"author":[{"embeddable":true,"href":"https:\/\/akustikputsarna.se\/en\/wp-json\/wp\/v2\/users\/1"}],"replies":[{"embeddable":true,"href":"https:\/\/akustikputsarna.se\/en\/wp-json\/wp\/v2\/comments?post=836"}],"version-history":[{"count":40,"href":"https:\/\/akustikputsarna.se\/en\/wp-json\/wp\/v2\/pages\/836\/revisions"}],"predecessor-version":[{"id":1540,"href":"https:\/\/akustikputsarna.se\/en\/wp-json\/wp\/v2\/pages\/836\/revisions\/1540"}],"wp:featuredmedia":[{"embeddable":true,"href":"https:\/\/akustikputsarna.se\/en\/wp-json\/wp\/v2\/media\/752"}],"wp:attachment":[{"href":"https:\/\/akustikputsarna.se\/en\/wp-json\/wp\/v2\/media?parent=836"}],"curies":[{"name":"wp","href":"https:\/\/api.w.org\/{rel}","templated":true}]}}