{"id":694,"date":"2025-11-21T13:20:56","date_gmt":"2025-11-21T13:20:56","guid":{"rendered":"https:\/\/akustikputsarna.se\/?page_id=694"},"modified":"2026-04-14T14:13:22","modified_gmt":"2026-04-14T13:13:22","slug":"baswa-farg","status":"publish","type":"page","link":"https:\/\/akustikputsarna.se\/en\/baswa-farg\/","title":{"rendered":"Acoustic Colors"},"content":{"rendered":"<div style=\"height:8px\" aria-hidden=\"true\" class=\"wp-block-spacer\"><\/div>\n\n\n\n<div class=\"wp-block-columns alignwide is-layout-flex wp-container-core-columns-is-layout-28f84493 wp-block-columns-is-layout-flex\">\n<div class=\"wp-block-column has-global-padding is-layout-constrained wp-container-core-column-is-layout-2bef61ab wp-block-column-is-layout-constrained\" style=\"flex-basis:80rem\">\n<h3 class=\"wp-block-heading alignwide\">V\u00e4lkomna till en v\u00e4rld av ljudets f\u00f6rfining och estetisk elegans med Baswa Akustikputs f\u00e4rg.<\/h3>\n\n\n\n<p>The products we present are a unique combination of advanced technology and creative design that not only improves acoustics but also lifts interiors to new heights. An acoustic ceiling should not be painted, but you can order the acoustic plaster in the desired color. Keep in mind that the color appears a little grayer on an acoustic plastered surface due to the surface structure.<\/p>\n\n\n\n<p>Choose color from the following color charts:<\/p>\n\n\n\n<ul class=\"wp-block-list\">\n<li>NCS<\/li>\n\n\n\n<li>RAL<\/li>\n\n\n\n<li>Keim<\/li>\n\n\n\n<li>Pantone<\/li>\n\n\n\n<li>Farrow &amp; Ball<\/li>\n<\/ul>\n\n\n\n<figure class=\"wp-block-image aligncenter size-medium is-resized\"><img loading=\"lazy\" decoding=\"async\" width=\"300\" height=\"225\" src=\"https:\/\/akustikputsarna.se\/wp-content\/uploads\/2026\/04\/AP-Farg-Rest-300x225.jpeg\" alt=\"\" class=\"wp-image-1521\" style=\"aspect-ratio:1.3333454571906598;object-fit:cover;width:700px\" srcset=\"https:\/\/akustikputsarna.se\/wp-content\/uploads\/2026\/04\/AP-Farg-Rest-300x225.jpeg 300w, https:\/\/akustikputsarna.se\/wp-content\/uploads\/2026\/04\/AP-Farg-Rest-768x576.jpeg 768w, https:\/\/akustikputsarna.se\/wp-content\/uploads\/2026\/04\/AP-Farg-Rest-16x12.jpeg 16w, https:\/\/akustikputsarna.se\/wp-content\/uploads\/2026\/04\/AP-Farg-Rest.jpeg 1024w\" sizes=\"auto, (max-width: 300px) 100vw, 300px\" \/><\/figure>\n\n\n\n<blockquote class=\"wp-block-quote is-layout-flow wp-block-quote-is-layout-flow\"><\/blockquote>\n<\/div>\n<\/div>\n\n\n\n<div aria-hidden=\"true\" class=\"wp-block-spacer\"><\/div>","protected":false},"excerpt":{"rendered":"<p>V\u00e4lkomna till en v\u00e4rld av ljudets f\u00f6rfining och estetisk elegans med Baswa Akustikputs f\u00e4rg. Produkterna vi presenterar \u00e4r en unik kombination av avancerad teknik och kreativ design som inte bara f\u00f6rb\u00e4ttrar akustiken utan ocks\u00e5 lyfter interi\u00f6rer till nya h\u00f6jder. Ett akustiktak ska inte m\u00e5las utan du kan best\u00e4lla akustikputsen i \u00f6nskad kul\u00f6r. T\u00e4nk p\u00e5 att [&hellip;]<\/p>\n","protected":false},"author":1,"featured_media":751,"parent":0,"menu_order":0,"comment_status":"closed","ping_status":"closed","template":"page-with-title","meta":{"footnotes":""},"class_list":["post-694","page","type-page","status-publish","has-post-thumbnail","hentry"],"_links":{"self":[{"href":"https:\/\/akustikputsarna.se\/en\/wp-json\/wp\/v2\/pages\/694","targetHints":{"allow":["GET"]}}],"collection":[{"href":"https:\/\/akustikputsarna.se\/en\/wp-json\/wp\/v2\/pages"}],"about":[{"href":"https:\/\/akustikputsarna.se\/en\/wp-json\/wp\/v2\/types\/page"}],"author":[{"embeddable":true,"href":"https:\/\/akustikputsarna.se\/en\/wp-json\/wp\/v2\/users\/1"}],"replies":[{"embeddable":true,"href":"https:\/\/akustikputsarna.se\/en\/wp-json\/wp\/v2\/comments?post=694"}],"version-history":[{"count":34,"href":"https:\/\/akustikputsarna.se\/en\/wp-json\/wp\/v2\/pages\/694\/revisions"}],"predecessor-version":[{"id":1538,"href":"https:\/\/akustikputsarna.se\/en\/wp-json\/wp\/v2\/pages\/694\/revisions\/1538"}],"wp:featuredmedia":[{"embeddable":true,"href":"https:\/\/akustikputsarna.se\/en\/wp-json\/wp\/v2\/media\/751"}],"wp:attachment":[{"href":"https:\/\/akustikputsarna.se\/en\/wp-json\/wp\/v2\/media?parent=694"}],"curies":[{"name":"wp","href":"https:\/\/api.w.org\/{rel}","templated":true}]}}