{"id":20,"date":"2025-11-11T15:05:51","date_gmt":"2025-11-11T15:05:51","guid":{"rendered":"https:\/\/akustikputsarna.se\/rekommendationer\/"},"modified":"2026-01-14T20:22:49","modified_gmt":"2026-01-14T19:22:49","slug":"referenser","status":"publish","type":"page","link":"https:\/\/akustikputsarna.se\/en\/referenser\/","title":{"rendered":"References"},"content":{"rendered":"\n<div class=\"wp-block-group alignfull has-background-background-color has-background is-layout-flow wp-container-core-group-is-layout-4c167e79 wp-block-group-is-layout-flow\" id=\"rekommendationer\" style=\"margin-top:0;margin-bottom:0;padding-top:var(--wp--preset--spacing--30);padding-right:var(--wp--preset--spacing--30);padding-bottom:var(--wp--preset--spacing--30);padding-left:var(--wp--preset--spacing--30)\">\n<div class=\"wp-block-gutsliders-content-slider gutslider-2bf39474 nav_inside nav_cc\" data-swiper-options=\"{&quot;slidesPerView&quot;:1,&quot;spaceBetween&quot;:0,&quot;loop&quot;:true,&quot;autoplay&quot;:false,&quot;speed&quot;:800,&quot;effect&quot;:&quot;creative&quot;,&quot;creativeEffect&quot;:{&quot;prev&quot;:{&quot;shadow&quot;:true,&quot;translate&quot;:[&quot;-20%&quot;,0,-1]},&quot;next&quot;:{&quot;translate&quot;:[&quot;100%&quot;,0,0]}},&quot;keyboard&quot;:{&quot;enabled&quot;:false},&quot;mousewheel&quot;:false,&quot;navigation&quot;:{&quot;nextEl&quot;:&quot;.gutslider-2bf39474 .swiper-button-next&quot;,&quot;prevEl&quot;:&quot;.gutslider-2bf39474 .swiper-button-prev&quot;},&quot;pagination&quot;:{&quot;el&quot;:&quot;.gutslider-2bf39474 .swiper-pagination&quot;,&quot;type&quot;:&quot;bullets&quot;,&quot;dynamicBullets&quot;:false,&quot;clickable&quot;:true}}\"><div class=\"swiper\"><div class=\"swiper-wrapper\"><div class=\"swiper-slide slide-mode\"><div class=\"swiper-container-outer\" style=\"background-color:#ffffff63;background-image:url(https:\/\/akustikputsarna.se\/wp-content\/uploads\/2025\/11\/klosterinsel-rheinau_c_baswa-phon-fine_reto-haefliger-1-1920x1080-1.jpg);background-position:50% 50%\"><div class=\"gutslider-overlay\" style=\"background:#FFFFFF;opacity:0.5\"><\/div><div class=\"gutslider-content-wrapper\"><div class=\"gutslider-content-inner\"><h3 class=\"gutslider-subtitle \">Ljuddesign f\u00f6r Konstmuseum<\/h3><h2 class=\"gutslider-title \">Konstmuseets akustikl\u00f6sning<\/h2><p class=\"gutslider-description \">Implementering av avancerad akustikputs f\u00f6r att f\u00f6rb\u00e4ttra bes\u00f6karupplevelsen.<\/p><\/div><\/div><\/div><\/div><div class=\"swiper-slide slide-mode\"><div class=\"swiper-container-outer\" style=\"background-color:#efefef;background-image:url(https:\/\/akustikputsarna.se\/wp-content\/uploads\/2025\/11\/helvetia-hq_west_st.-gallen_baswa-phon-classic-top_2019_c-damian-poffet-2-1920x1080-1.jpg);background-position:50% 50%\"><div class=\"gutslider-overlay\" style=\"background:#FFFFFF;opacity:0.5\"><\/div><div class=\"gutslider-content-wrapper\"><div class=\"gutslider-content-inner\"><h3 class=\"gutslider-subtitle \">Akustik f\u00f6r lyxhotell<\/h3><h2 class=\"gutslider-title \">Hotellprojektets Ljudmilj\u00f6<\/h2><p class=\"gutslider-description \">Skr\u00e4ddarsydda akustikl\u00f6sningar f\u00f6r exklusiva hotellrum och konferenslokaler.<\/p><\/div><\/div><\/div><\/div><div class=\"swiper-slide slide-mode\"><div class=\"swiper-container-outer\" style=\"background-color:#efefef;background-image:url(https:\/\/akustikputsarna.se\/wp-content\/uploads\/2025\/11\/cultural.jpg);background-position:50% 50%\"><div class=\"gutslider-content-wrapper\"><div class=\"gutslider-content-inner\"><h3 class=\"gutslider-subtitle \">Innovativ ljudabsorption i kontorsmilj\u00f6<\/h3><h2 class=\"gutslider-title \">Kontorsprojekt med akustikfokus<\/h2><p class=\"gutslider-description \">Optimering av arbetsmilj\u00f6n genom estetisk och effektiv akustikputs.<\/p><\/div><\/div><\/div><\/div><div class=\"swiper-slide slide-mode\"><div class=\"swiper-container-outer\" style=\"background-color:#ffffff63;background-image:url(https:\/\/akustikputsarna.se\/wp-content\/uploads\/2025\/11\/klosterinsel-rheinau_c_baswa-phon-fine_reto-haefliger-1-1920x1080-1.jpg);background-position:50% 50%\"><div class=\"gutslider-overlay\" style=\"background:#FFFFFF;opacity:0.5\"><\/div><div class=\"gutslider-content-wrapper\"><div class=\"gutslider-content-inner\"><h3 class=\"gutslider-subtitle \">Ljuddesign f\u00f6r Konstmuseum<\/h3><h2 class=\"gutslider-title \">Konstmuseets akustikl\u00f6sning<\/h2><p class=\"gutslider-description \">Implementering av avancerad akustikputs f\u00f6r att f\u00f6rb\u00e4ttra bes\u00f6karupplevelsen.<\/p><\/div><\/div><\/div><\/div><\/div><div class=\"gutslider-nav nav_inside nav_cc\"><div class=\"swiper-button-prev\"><\/div><div class=\"swiper-button-next\"><\/div><\/div><div class=\"swiper-pagination\"><\/div><\/div><\/div>\n\n\n\n<div class=\"wp-block-group alignwide is-vertical is-layout-flex wp-container-core-group-is-layout-c509e09b wp-block-group-is-layout-flex\" style=\"margin-bottom:var(--wp--preset--spacing--50)\">\n<h1 class=\"wp-block-heading has-text-align-left\">Referensprojekt<\/h1>\n\n\n\n<h3 class=\"wp-block-heading\">BASWA har omdefinierat arkitektonisk akustik v\u00e4rlden \u00f6ver i 30 \u00e5r. De \u00e4r pionj\u00e4rer inom omr\u00e5det arkitektoniska akustiska gipssystem och Akustikputsarna \u00e4r en stolt supporter i Sverige .<\/h3>\n\n\n\n<p class=\"has-text-align-left\">Vi \u00e4r stolta \u00f6ver att ha f\u00f6rb\u00e4ttrat taluppfattningen och v\u00e4lbefinnandet i n\u00e5gra av v\u00e4rldens mest prestigefyllda byggnader, och varje enskilt projekt \u00e4r viktigt f\u00f6r oss.<\/p>\n<\/div>\n\n\n\n<div class=\"wp-block-columns alignwide is-layout-flex wp-container-core-columns-is-layout-28f84493 wp-block-columns-is-layout-flex\">\n<div class=\"wp-block-column is-vertically-aligned-stretch is-layout-flow wp-block-column-is-layout-flow\" style=\"flex-basis:33.33%\">\n<div class=\"wp-block-group has-background-color has-foreground-background-color has-text-color has-background has-link-color wp-elements-a650cc5e2bb3a56ca9fc51c7f9072909 has-global-padding is-layout-constrained wp-container-core-group-is-layout-f90d3be4 wp-block-group-is-layout-constrained\" style=\"border-radius:1.5rem;min-height:100%;padding-top:var(--wp--preset--spacing--40);padding-right:var(--wp--preset--spacing--30);padding-bottom:var(--wp--preset--spacing--40);padding-left:var(--wp--preset--spacing--30)\">\n<p style=\"font-size:clamp(15.747px, 0.984rem + ((1vw - 3.2px) * 0.86), 24px);font-style:normal;font-weight:600;line-height:1.4\">Ett omd\u00f6me som framh\u00e4ver den professionella hanteringen och perfekta resultatet.<\/p>\n\n\n\n<h4 class=\"wp-block-heading has-background-color has-text-color has-link-color has-small-font-size wp-elements-45a546c15d4ffbd666871f5a4995346f\">Elin Johansson<\/h4>\n\n\n\n<p class=\"has-small-font-size\" style=\"margin-top:2px\">Projektledare<\/p>\n<\/div>\n<\/div>\n\n\n\n<div class=\"wp-block-column is-layout-flow wp-block-column-is-layout-flow\" style=\"flex-basis:66.66%\">\n<div class=\"wp-block-cover is-light has-custom-content-position is-position-bottom-center\" style=\"border-radius:1.5rem;padding-top:var(--wp--preset--spacing--30);padding-right:var(--wp--preset--spacing--30);padding-bottom:var(--wp--preset--spacing--30);padding-left:var(--wp--preset--spacing--30);min-height:35vh;aspect-ratio:unset;\"><img loading=\"lazy\" decoding=\"async\" width=\"700\" height=\"576\" class=\"wp-block-cover__image-background wp-image-83 size-full\" alt=\"\" src=\"https:\/\/akustikputsarna.se\/wp-content\/uploads\/2025\/11\/optimized-caring-wood_riba-house-of-the-year_c-james-morris-2-700x576-1.jpg\" data-object-fit=\"cover\" srcset=\"https:\/\/akustikputsarna.se\/wp-content\/uploads\/2025\/11\/optimized-caring-wood_riba-house-of-the-year_c-james-morris-2-700x576-1.jpg 700w, https:\/\/akustikputsarna.se\/wp-content\/uploads\/2025\/11\/optimized-caring-wood_riba-house-of-the-year_c-james-morris-2-700x576-1-300x247.jpg 300w\" sizes=\"auto, (max-width: 700px) 100vw, 700px\" \/><span aria-hidden=\"true\" class=\"wp-block-cover__background has-background-dim-10 has-background-dim\" style=\"background-color:#dddcdd\"><\/span><div class=\"wp-block-cover__inner-container is-layout-flow wp-block-cover-is-layout-flow\">\n<div class=\"wp-block-group is-layout-flow wp-block-group-is-layout-flow\">\n<p style=\"font-size:clamp(20px, 1.25rem + ((1vw - 3.2px) * 1.25), 32px);font-style:normal;font-weight:600;line-height:1.4\">En kund som uttrycker stor n\u00f6jdhet med hela processen och slutresultatet.<\/p>\n\n\n\n<h4 class=\"wp-block-heading has-small-font-size\">Johan Svensson<\/h4>\n\n\n\n<p class=\"has-small-font-size\" style=\"margin-top:2px\">Arkitekt<\/p>\n<\/div>\n<\/div><\/div>\n<\/div>\n<\/div>\n\n\n\n<h2 class=\"wp-block-heading has-text-align-center\">Anv\u00e4ndningsomr\u00e5den<\/h2>\n\n\n\n<div style=\"height:3px\" aria-hidden=\"true\" class=\"wp-block-spacer\"><\/div>\n\n\n\n<div class=\"wp-block-gutsliders-testimonial-slider gutslider-890814a0 nav_outside nav_bc .gutslider-testimonial-wrapper { border: 1px solid black; } .gutslider-testimonial-wrappercss  transition: transform 0.2s ease; .gutslider-testimonial-wrappercss:focus-within transform: scale(1.05);\" data-swiper-options=\"{&quot;slidesPerView&quot;:1,&quot;spaceBetween&quot;:0,&quot;loop&quot;:true,&quot;autoplay&quot;:{&quot;delay&quot;:1000,&quot;pauseOnMouseEnter&quot;:true,&quot;stopOnLastSlide&quot;:false,&quot;reverseDirection&quot;:false},&quot;speed&quot;:4000,&quot;effect&quot;:&quot;slide&quot;,&quot;creativeEffect&quot;:{&quot;prev&quot;:{&quot;shadow&quot;:true,&quot;translate&quot;:[0,0,-400]},&quot;next&quot;:{&quot;translate&quot;:[&quot;100%&quot;,0,0]}},&quot;keyboard&quot;:{&quot;enabled&quot;:false},&quot;mousewheel&quot;:false,&quot;breakpoints&quot;:{&quot;320&quot;:{&quot;slidesPerView&quot;:1,&quot;spaceBetween&quot;:0},&quot;768&quot;:{&quot;slidesPerView&quot;:2,&quot;spaceBetween&quot;:15},&quot;1025&quot;:{&quot;slidesPerView&quot;:&quot;3&quot;,&quot;spaceBetween&quot;:&quot;56&quot;}},&quot;navigation&quot;:{&quot;nextEl&quot;:&quot;.gutslider-890814a0 .swiper-button-next&quot;,&quot;prevEl&quot;:&quot;.gutslider-890814a0 .swiper-button-prev&quot;},&quot;pagination&quot;:false}\"><div class=\"swiper\"><div class=\"swiper-wrapper\"><div class=\"swiper-slide\"><div class=\"swiper-testimonial-outer\" style=\"background-color:#E9E8E6;background-image:url();background-position:50% 50%\"><div class=\"gutslider-testimonial-wrapper\"><div class=\"gutslider-testimonial-inner\"><div class=\"author-photo-outer\"><div class=\"author-photo none\"><img decoding=\"async\" src=\"https:\/\/akustikputsarna.se\/wp-content\/uploads\/2025\/11\/AP_Icons-01.png\" alt=\"Befintliga byggnader\"\/><\/div><\/div><div class=\"author-rating\" data-rating=\"5\"><\/div><h5 class=\"gutslider-name \">Befintliga byggnader<\/h5><p class=\"gutslider-designation \">01<\/p><\/div><\/div><\/div><\/div><div class=\"swiper-slide\"><div class=\"swiper-testimonial-outer\" style=\"background-color:#E9E8E6;background-image:url();background-position:50% 50%\"><div class=\"gutslider-testimonial-wrapper\"><div class=\"gutslider-testimonial-inner\"><div class=\"author-photo-outer\"><div class=\"author-photo none\"><img decoding=\"async\" src=\"https:\/\/akustikputsarna.se\/wp-content\/uploads\/2025\/11\/AP_Icons-03.png\" alt=\"Nya byggnader\"\/><\/div><\/div><div class=\"author-rating\" data-rating=\"5\"><\/div><h5 class=\"gutslider-name \">Nya byggnader<\/h5><p class=\"gutslider-designation \">02<\/p><\/div><\/div><\/div><\/div><div class=\"swiper-slide\"><div class=\"swiper-testimonial-outer\" style=\"background-color:#E9E8E6;background-image:url();background-position:50% 50%\"><div class=\"gutslider-testimonial-wrapper\"><div class=\"gutslider-testimonial-inner\"><div class=\"author-photo-outer\"><div class=\"author-photo none\"><img decoding=\"async\" src=\"https:\/\/akustikputsarna.se\/wp-content\/uploads\/2025\/11\/AP_Icons-04.png\" alt=\"Kulturarv och bevarande\"\/><\/div><\/div><div class=\"author-rating\" data-rating=\"5\"><\/div><h5 class=\"gutslider-name \">Kulturarv och bevarande<\/h5><p class=\"gutslider-designation \">03<\/p><\/div><\/div><\/div><\/div><\/div><\/div><div class=\"gutslider-nav nav_outside nav_bc\"><div class=\"swiper-button-prev\"><\/div><div class=\"swiper-button-next\"><\/div><\/div><\/div>\n\n\n\n<div class=\"wp-block-columns alignfull are-vertically-aligned-center has-tertiary-background-color has-background is-layout-flex wp-container-core-columns-is-layout-8eb77903 wp-block-columns-is-layout-flex\" style=\"border-top-left-radius:1.5rem;border-top-right-radius:1.5rem;border-bottom-left-radius:1.5rem;border-bottom-right-radius:1.5rem;margin-top:0;margin-bottom:0\">\n<div class=\"wp-block-column is-vertically-aligned-center is-layout-flow wp-block-column-is-layout-flow\">\n<div class=\"wp-block-group alignfull has-tertiary-background-color has-background has-global-padding is-content-justification-center is-layout-constrained wp-container-core-group-is-layout-2d307409 wp-block-group-is-layout-constrained\" style=\"padding-top:var(--wp--preset--spacing--60);padding-right:var(--wp--preset--spacing--40);padding-bottom:var(--wp--preset--spacing--60);padding-left:var(--wp--preset--spacing--40)\">\n<h1 class=\"wp-block-heading has-x-large-font-size\">Designa din akustiska l\u00f6sning<\/h1>\n\n\n\n<p class=\"has-small-font-size\" style=\"margin-top:16px\">Med v\u00e5r intuitiva konfigurator kan du designa ditt eget personliga, s\u00f6ml\u00f6sa BASWA-akustiksystem \u2013 perfekt anpassat till dina behov och alla typer av rum.<\/p>\n\n\n\n<div class=\"wp-block-buttons is-content-justification-left is-layout-flex wp-container-core-buttons-is-layout-3535db69 wp-block-buttons-is-layout-flex\" style=\"margin-top:var(--wp--preset--spacing--30)\">\n<div class=\"wp-block-button\"><a class=\"wp-block-button__link wp-element-button\" href=\"https:\/\/akustikputsarna.se\/kontakt\">Kontakta oss<\/a><\/div>\n<\/div>\n<\/div>\n<\/div>\n\n\n\n<div class=\"wp-block-column is-vertically-aligned-center is-layout-flow wp-block-column-is-layout-flow\">\n<div class=\"wp-block-group alignfull is-vertical is-layout-flex wp-container-core-group-is-layout-fe9cc265 wp-block-group-is-layout-flex\">\n<figure class=\"wp-block-image size-full\"><img loading=\"lazy\" decoding=\"async\" width=\"768\" height=\"576\" src=\"https:\/\/akustikputsarna.se\/wp-content\/uploads\/2025\/11\/systemkonfigurator_freigestellt-768x576-1.png\" alt=\"\" class=\"wp-image-784\" srcset=\"https:\/\/akustikputsarna.se\/wp-content\/uploads\/2025\/11\/systemkonfigurator_freigestellt-768x576-1.png 768w, https:\/\/akustikputsarna.se\/wp-content\/uploads\/2025\/11\/systemkonfigurator_freigestellt-768x576-1-300x225.png 300w, https:\/\/akustikputsarna.se\/wp-content\/uploads\/2025\/11\/systemkonfigurator_freigestellt-768x576-1-16x12.png 16w\" sizes=\"auto, (max-width: 768px) 100vw, 768px\" \/><\/figure>\n<\/div>\n<\/div>\n<\/div>\n<\/div>\n\n\n\n<div class=\"wp-block-group alignfull has-background-background-color has-background has-global-padding is-layout-constrained wp-container-core-group-is-layout-7276a2bb wp-block-group-is-layout-constrained\" style=\"margin-top:0;margin-bottom:0;padding-top:var(--wp--preset--spacing--60);padding-right:var(--wp--preset--spacing--30);padding-bottom:var(--wp--preset--spacing--60);padding-left:var(--wp--preset--spacing--30)\">\n<div class=\"wp-block-group alignwide has-global-padding is-content-justification-center is-layout-constrained wp-block-group-is-layout-constrained\">\n<h2 class=\"wp-block-heading has-text-align-center has-large-font-size\">Grundat p\u00e5 tillit, bekr\u00e4ftat av kvalitet.<\/h2>\n\n\n\n<p class=\"has-text-align-center\" style=\"margin-top:16px\">H\u00e4r presenterar vi v\u00e5ra mest prestigefyllda certifikat, s\u00e4kerhetsrutiner och erk\u00e4nnanden som garanterar v\u00e5r integritet och expertis.<\/p>\n<\/div>\n\n\n\n<div class=\"wp-block-columns alignwide is-layout-flex wp-container-core-columns-is-layout-28f84493 wp-block-columns-is-layout-flex\">\n<div class=\"wp-block-column is-layout-flow wp-block-column-is-layout-flow\">\n<div class=\"wp-block-group has-global-padding is-layout-constrained wp-block-group-is-layout-constrained\">\n<div class=\"wp-block-group is-content-justification-center is-nowrap is-layout-flex wp-container-core-group-is-layout-23441af8 wp-block-group-is-layout-flex\">\n<div class=\"wp-block-group wp-container-content-fd3097a4 is-content-justification-center is-nowrap is-layout-flex wp-container-core-group-is-layout-23441af8 wp-block-group-is-layout-flex\" style=\"border-radius:100px;min-height:48px\">\n<figure class=\"wp-block-image aligncenter size-large wp-duotone-secondary-and-primary\"><img decoding=\"async\" src=\"data:image\/svg+xml;base64,PHN2ZyB4bWxucz0iaHR0cDovL3d3dy53My5vcmcvMjAwMC9zdmciIGhlaWdodD0iNDhweCIgdmlld0JveD0iMCAtOTYwIDk2MCA5NjAiIHdpZHRoPSI0OHB4IiBmaWxsPSIjMWUxZTFlIj48cGF0aCBkPSJtMzQ2LTYwLTc2LTEzMC0xNTEtMzEgMTctMTQ3LTk2LTExMiA5Ni0xMTEtMTctMTQ3IDE1MS0zMSA3Ni0xMzEgMTM0IDYyIDEzNC02MiA3NyAxMzEgMTUwIDMxLTE3IDE0NyA5NiAxMTEtOTYgMTEyIDE3IDE0Ny0xNTAgMzEtNzcgMTMwLTEzNC02Mi0xMzQgNjJabTI3LTc5IDEwNy00NSAxMTAgNDUgNjctMTAwIDExNy0zMC0xMi0xMTkgODEtOTItODEtOTQgMTItMTE5LTExNy0yOC02OS0xMDAtMTA4IDQ1LTExMC00NS02NyAxMDAtMTE3IDI4IDEyIDExOS04MSA5NCA4MSA5Mi0xMiAxMjEgMTE3IDI4IDcwIDEwMFptMTA3LTM0MVptLTQzIDEzMyAyMjctMjI1LTQ1LTQxLTE4MiAxODAtOTUtOTktNDYgNDUgMTQxIDE0MFoiLz48L3N2Zz4=\" alt=\"\"\/><\/figure>\n<\/div>\n<\/div>\n\n\n\n<h3 class=\"wp-block-heading has-text-align-center\" style=\"margin-top:24px;font-size:clamp(0.875rem, 0.875rem + ((1vw - 0.2rem) * 0.625), 1.25rem);\">Svensk Byggcertifiering<\/h3>\n<\/div>\n<\/div>\n\n\n\n<div class=\"wp-block-column is-layout-flow wp-block-column-is-layout-flow\">\n<div class=\"wp-block-group has-global-padding is-layout-constrained wp-block-group-is-layout-constrained\">\n<div class=\"wp-block-group is-content-justification-center is-nowrap is-layout-flex wp-container-core-group-is-layout-23441af8 wp-block-group-is-layout-flex\">\n<div class=\"wp-block-group wp-container-content-fd3097a4 is-content-justification-center is-nowrap is-layout-flex wp-container-core-group-is-layout-23441af8 wp-block-group-is-layout-flex\" style=\"border-radius:100px;min-height:48px\">\n<figure class=\"wp-block-image aligncenter size-large wp-duotone-secondary-and-primary\"><img decoding=\"async\" src=\"data:image\/svg+xml;base64,PHN2ZyB4bWxucz0iaHR0cDovL3d3dy53My5vcmcvMjAwMC9zdmciIGhlaWdodD0iNDhweCIgdmlld0JveD0iMCAtOTYwIDk2MCA5NjAiIHdpZHRoPSI0OHB4IiBmaWxsPSIjMWUxZTFlIj48cGF0aCBkPSJtNDM2LTM0NyAyMjgtMjI4LTQyLTQxLTE4MyAxODMtMTAxLTEwMS00NCA0NCAxNDIgMTQzWm00NCAyNjZxLTE0MC0zNS0yMzAtMTYyLjVUMTYwLTUyM3YtMjM4bDMyMC0xMjAgMzIwIDEyMHYyMzhxMCAxNTItOTAgMjc5LjVUNDgwLTgxWm0wLTYycTExNS0zOCAxODcuNS0xNDMuNVQ3NDAtNTIzdi0xOTZsLTI2MC05OC0yNjAgOTh2MTk2cTAgMTMxIDcyLjUgMjM2LjVUNDgwLTE0M1ptMC0zMzdaIi8+PC9zdmc+\" alt=\"\"\/><\/figure>\n<\/div>\n<\/div>\n\n\n\n<h3 class=\"wp-block-heading has-text-align-center\" style=\"margin-top:24px;font-size:clamp(0.875rem, 0.875rem + ((1vw - 0.2rem) * 0.625), 1.25rem);\">Milj\u00f6klassad Akustikstandard<\/h3>\n<\/div>\n<\/div>\n\n\n\n<div class=\"wp-block-column is-layout-flow wp-block-column-is-layout-flow\">\n<div class=\"wp-block-group has-global-padding is-layout-constrained wp-block-group-is-layout-constrained\">\n<div class=\"wp-block-group is-content-justification-center is-nowrap is-layout-flex wp-container-core-group-is-layout-23441af8 wp-block-group-is-layout-flex\">\n<div class=\"wp-block-group wp-container-content-fd3097a4 is-content-justification-center is-nowrap is-layout-flex wp-container-core-group-is-layout-23441af8 wp-block-group-is-layout-flex\" style=\"border-radius:100px;min-height:48px\">\n<figure class=\"wp-block-image aligncenter size-large wp-duotone-secondary-and-primary\"><img decoding=\"async\" src=\"data:image\/svg+xml;base64,PHN2ZyB4bWxucz0iaHR0cDovL3d3dy53My5vcmcvMjAwMC9zdmciIGhlaWdodD0iNDhweCIgdmlld0JveD0iMCAtOTYwIDk2MCA5NjAiIHdpZHRoPSI0OHB4IiBmaWxsPSIjMWUxZTFlIj48cGF0aCBkPSJtMzYzLTMxMCAxMTctNzEgMTE3IDcxLTMxLTEzMyAxMDQtOTAtMTM3LTExLTUzLTEyNi01MyAxMjYtMTM3IDExIDEwNCA5MC0zMSAxMzNaTTQ4MS0yOSAzNDYtMTYwSDE2MHYtMTg2TDI2LTQ4MGwxMzQtMTM0di0xODZoMTg2bDEzNS0xMzQgMTMzIDEzNGgxODZ2MTg2bDEzNCAxMzQtMTM0IDEzNHYxODZINjE0TDQ4MS0yOVptMC04NCAxMDcuOTItMTA3SDc0MHYtMTUxbDEwOS0xMDktMTA5LTEwOXYtMTUxSDU4OUw0ODEtODQ5IDM3MS03NDBIMjIwdjE1MUwxMTEtNDgwbDEwOSAxMDl2MTUxaDE1MGwxMTEgMTA3Wm0wLTM2OFoiLz48L3N2Zz4=\" alt=\"\"\/><\/figure>\n<\/div>\n<\/div>\n\n\n\n<h3 class=\"wp-block-heading has-text-align-center\" style=\"margin-top:24px;font-size:clamp(0.875rem, 0.875rem + ((1vw - 0.2rem) * 0.625), 1.25rem);\">ISO 9001 Kvalitetsledningssystem<\/h3>\n<\/div>\n<\/div>\n\n\n\n<div class=\"wp-block-column is-layout-flow wp-block-column-is-layout-flow\">\n<div class=\"wp-block-group has-global-padding is-layout-constrained wp-block-group-is-layout-constrained\">\n<div class=\"wp-block-group is-content-justification-center is-nowrap is-layout-flex wp-container-core-group-is-layout-23441af8 wp-block-group-is-layout-flex\">\n<div class=\"wp-block-group wp-container-content-fd3097a4 is-content-justification-center is-nowrap is-layout-flex wp-container-core-group-is-layout-23441af8 wp-block-group-is-layout-flex\" style=\"border-radius:100px;min-height:48px\">\n<figure class=\"wp-block-image aligncenter size-large wp-duotone-secondary-and-primary\"><img decoding=\"async\" src=\"data:image\/svg+xml;base64,PHN2ZyB4bWxucz0iaHR0cDovL3d3dy53My5vcmcvMjAwMC9zdmciIGhlaWdodD0iNDhweCIgdmlld0JveD0iMCAtOTYwIDk2MCA5NjAiIHdpZHRoPSI0OHB4IiBmaWxsPSIjMWUxZTFlIj48cGF0aCBkPSJtMzIzLTI0NSAxNTctOTQgMTU3IDk1LTQyLTE3OCAxMzgtMTIwLTE4Mi0xNi03MS0xNjgtNzEgMTY3LTE4MiAxNiAxMzggMTIwLTQyIDE3OFptLTkwIDEyNSA2NS0yODFMODAtNTkwbDI4OC0yNSAxMTItMjY1IDExMiAyNjUgMjg4IDI1LTIxOCAxODkgNjUgMjgxLTI0Ny0xNDktMjQ3IDE0OVptNDU3LTU2MCAyMS04OS03MS01OSA5NC04IDM2LTg0IDM2IDg0IDk0IDgtNzEgNTkgMjEgODktODAtNDctODAgNDdaTTQ4MC00ODVaIi8+PC9zdmc+\" alt=\"\"\/><\/figure>\n<\/div>\n<\/div>\n\n\n\n<h3 class=\"wp-block-heading has-text-align-center\" style=\"margin-top:24px;font-size:clamp(0.875rem, 0.875rem + ((1vw - 0.2rem) * 0.625), 1.25rem);\">BASWA Partner<\/h3>\n<\/div>\n<\/div>\n<\/div>\n<\/div>\n\n\n\n\n","protected":false},"excerpt":{"rendered":"<p>Referensprojekt BASWA har omdefinierat arkitektonisk akustik v\u00e4rlden \u00f6ver i 30 \u00e5r. De \u00e4r pionj\u00e4rer inom omr\u00e5det arkitektoniska akustiska gipssystem och Akustikputsarna \u00e4r en stolt supporter i Sverige . Vi \u00e4r stolta \u00f6ver att ha f\u00f6rb\u00e4ttrat taluppfattningen och v\u00e4lbefinnandet i n\u00e5gra av v\u00e4rldens mest prestigefyllda byggnader, och varje enskilt projekt \u00e4r viktigt f\u00f6r oss. Ett omd\u00f6me [&hellip;]<\/p>\n","protected":false},"author":1,"featured_media":0,"parent":0,"menu_order":0,"comment_status":"closed","ping_status":"closed","template":"page-with-title","meta":{"footnotes":""},"class_list":["post-20","page","type-page","status-publish","hentry"],"_links":{"self":[{"href":"https:\/\/akustikputsarna.se\/en\/wp-json\/wp\/v2\/pages\/20","targetHints":{"allow":["GET"]}}],"collection":[{"href":"https:\/\/akustikputsarna.se\/en\/wp-json\/wp\/v2\/pages"}],"about":[{"href":"https:\/\/akustikputsarna.se\/en\/wp-json\/wp\/v2\/types\/page"}],"author":[{"embeddable":true,"href":"https:\/\/akustikputsarna.se\/en\/wp-json\/wp\/v2\/users\/1"}],"replies":[{"embeddable":true,"href":"https:\/\/akustikputsarna.se\/en\/wp-json\/wp\/v2\/comments?post=20"}],"version-history":[{"count":71,"href":"https:\/\/akustikputsarna.se\/en\/wp-json\/wp\/v2\/pages\/20\/revisions"}],"predecessor-version":[{"id":1273,"href":"https:\/\/akustikputsarna.se\/en\/wp-json\/wp\/v2\/pages\/20\/revisions\/1273"}],"wp:attachment":[{"href":"https:\/\/akustikputsarna.se\/en\/wp-json\/wp\/v2\/media?parent=20"}],"curies":[{"name":"wp","href":"https:\/\/api.w.org\/{rel}","templated":true}]}}