{"id":16,"date":"2025-11-11T15:05:49","date_gmt":"2025-11-11T15:05:49","guid":{"rendered":"https:\/\/akustikputsarna.se\/portfolj\/"},"modified":"2026-01-14T20:05:12","modified_gmt":"2026-01-14T19:05:12","slug":"kommersiell","status":"publish","type":"page","link":"https:\/\/akustikputsarna.se\/en\/kommersiell\/","title":{"rendered":"Area pf Application - Commercial"},"content":{"rendered":"\n<div class=\"wp-block-group alignfull has-background-background-color has-background has-global-padding is-layout-constrained wp-container-core-group-is-layout-254d6575 wp-block-group-is-layout-constrained\" id=\"portfolj\" style=\"margin-top:0;margin-bottom:0;padding-top:var(--wp--preset--spacing--60);padding-right:var(--wp--preset--spacing--30);padding-bottom:var(--wp--preset--spacing--60);padding-left:var(--wp--preset--spacing--30)\">\n<div class=\"wp-block-group alignwide is-vertical is-layout-flex wp-container-core-group-is-layout-c509e09b wp-block-group-is-layout-flex\" style=\"margin-bottom:var(--wp--preset--spacing--50)\">\n<div class=\"wp-block-group alignwide has-global-padding is-content-justification-left is-layout-constrained wp-container-core-group-is-layout-8b4c372c wp-block-group-is-layout-constrained\">\n<h2 class=\"wp-block-heading has-large-font-size\">Akustikputsarna \u00e4r Sveriges mest m\u00e5ngsidiga akustika behandling.<\/h2>\n\n\n\n<p style=\"margin-top:16px\">Det har aldrig funnits en b\u00e4ttre tid att fr\u00e4mja v\u00e4lbefinnande och f\u00f6rb\u00e4ttra anv\u00e4ndarupplevelsen genom att designa f\u00f6r sinnena. V\u00e4lj Akustikputsarna f\u00f6r interi\u00f6rer d\u00e4r utseende, kvalitet, livsl\u00e4ngd och m\u00e5ngsidighet \u00e4r lika viktiga som akustiken.<\/p>\n<\/div>\n<\/div>\n\n\n\n<div class=\"wp-block-gutsliders-content-slider alignwide gutslider-38b7c10c nav_inside nav_cc\" data-swiper-options=\"{&quot;slidesPerView&quot;:1,&quot;spaceBetween&quot;:0,&quot;loop&quot;:true,&quot;autoplay&quot;:false,&quot;speed&quot;:800,&quot;effect&quot;:&quot;creative&quot;,&quot;creativeEffect&quot;:{&quot;prev&quot;:{&quot;shadow&quot;:true,&quot;translate&quot;:[&quot;-20%&quot;,0,-1]},&quot;next&quot;:{&quot;translate&quot;:[&quot;100%&quot;,0,0]}},&quot;keyboard&quot;:{&quot;enabled&quot;:false},&quot;mousewheel&quot;:false,&quot;navigation&quot;:{&quot;nextEl&quot;:&quot;.gutslider-38b7c10c .swiper-button-next&quot;,&quot;prevEl&quot;:&quot;.gutslider-38b7c10c .swiper-button-prev&quot;},&quot;pagination&quot;:{&quot;el&quot;:&quot;.gutslider-38b7c10c .swiper-pagination&quot;,&quot;type&quot;:&quot;bullets&quot;,&quot;dynamicBullets&quot;:false,&quot;clickable&quot;:true}}\"><div class=\"swiper\"><div class=\"swiper-wrapper\"><div class=\"swiper-slide slide-mode\"><div class=\"swiper-container-outer\" style=\"background-color:#efefef;background-image:url(https:\/\/akustikputsarna.se\/wp-content\/uploads\/2025\/11\/klosterinsel-rheinau_c_baswa-phon-fine_reto-haefliger-1-1920x1080-1.jpg);background-position:50% 50%\"><div class=\"gutslider-content-wrapper\"><div class=\"gutslider-content-inner\"><h3 class=\"gutslider-subtitle \">Ljuddesign f\u00f6r Konstmuseum<\/h3><h2 class=\"gutslider-title \">Konstmuseets akustikl\u00f6sning<\/h2><p class=\"gutslider-description \">Implementering av avancerad akustikputs f\u00f6r att f\u00f6rb\u00e4ttra bes\u00f6karupplevelsen.<\/p><\/div><\/div><\/div><\/div><div class=\"swiper-slide slide-mode\"><div class=\"swiper-container-outer\" style=\"background-color:#efefef;background-image:url(https:\/\/akustikputsarna.se\/wp-content\/uploads\/2025\/11\/helvetia-hq_west_st.-gallen_baswa-phon-classic-top_2019_c-damian-poffet-2-1920x1080-1.jpg);background-position:50% 50%\"><div class=\"gutslider-content-wrapper\"><div class=\"gutslider-content-inner\"><h3 class=\"gutslider-subtitle \">Akustik f\u00f6r lyxhotell<\/h3><h2 class=\"gutslider-title \">Hotellprojektets Ljudmilj\u00f6<\/h2><p class=\"gutslider-description \">Skr\u00e4ddarsydda akustikl\u00f6sningar f\u00f6r exklusiva hotellrum och konferenslokaler.<\/p><\/div><\/div><\/div><\/div><div class=\"swiper-slide slide-mode\"><div class=\"swiper-container-outer\" style=\"background-color:#efefef;background-image:url(https:\/\/akustikputsarna.se\/wp-content\/uploads\/2025\/11\/cultural.jpg);background-position:50% 50%\"><div class=\"gutslider-content-wrapper\"><div class=\"gutslider-content-inner\"><h3 class=\"gutslider-subtitle \">Innovativ ljudabsorption i kontorsmilj\u00f6<\/h3><h2 class=\"gutslider-title \">Kontorsprojekt med akustikfokus<\/h2><p class=\"gutslider-description \">Optimering av arbetsmilj\u00f6n genom estetisk och effektiv akustikputs.<\/p><\/div><\/div><\/div><\/div><\/div><div class=\"gutslider-nav nav_inside nav_cc\"><div class=\"swiper-button-prev\"><\/div><div class=\"swiper-button-next\"><\/div><\/div><div class=\"swiper-pagination\"><\/div><\/div><\/div>\n<\/div>\n\n\n\n<div class=\"wp-block-group alignfull has-tertiary-background-color has-background has-global-padding is-layout-constrained wp-block-group-is-layout-constrained\" id=\"galleri\" style=\"margin-top:0;margin-bottom:0;padding-top:var(--wp--preset--spacing--60);padding-bottom:var(--wp--preset--spacing--60)\">\n<figure class=\"wp-block-gallery alignwide has-nested-images columns-default is-cropped wp-block-gallery-1 is-layout-flex wp-block-gallery-is-layout-flex\">\n<figure data-wp-context=\"{&quot;imageId&quot;:&quot;69fb608920d7e&quot;}\" data-wp-interactive=\"core\/image\" data-wp-key=\"69fb608920d7e\" class=\"wp-block-image size-full has-custom-border wp-lightbox-container\"><img loading=\"lazy\" decoding=\"async\" width=\"768\" height=\"576\" data-wp-class--hide=\"state.isContentHidden\" data-wp-class--show=\"state.isContentVisible\" data-wp-init=\"callbacks.setButtonStyles\" data-wp-on--click=\"actions.showLightbox\" data-wp-on--load=\"callbacks.setButtonStyles\" data-wp-on-window--resize=\"callbacks.setButtonStyles\" data-id=\"319\" src=\"https:\/\/akustikputsarna.se\/wp-content\/uploads\/2025\/11\/conservation.jpg\" alt=\"\" class=\"wp-image-319\" style=\"border-radius:1.5rem\" srcset=\"https:\/\/akustikputsarna.se\/wp-content\/uploads\/2025\/11\/conservation.jpg 768w, https:\/\/akustikputsarna.se\/wp-content\/uploads\/2025\/11\/conservation-300x225.jpg 300w\" sizes=\"auto, (max-width: 768px) 100vw, 768px\" \/><button\n\t\t\tclass=\"lightbox-trigger\"\n\t\t\ttype=\"button\"\n\t\t\taria-haspopup=\"dialog\"\n\t\t\taria-label=\"Enlarge\"\n\t\t\tdata-wp-init=\"callbacks.initTriggerButton\"\n\t\t\tdata-wp-on--click=\"actions.showLightbox\"\n\t\t\tdata-wp-style--right=\"state.imageButtonRight\"\n\t\t\tdata-wp-style--top=\"state.imageButtonTop\"\n\t\t>\n\t\t\t<svg xmlns=\"http:\/\/www.w3.org\/2000\/svg\" width=\"12\" height=\"12\" fill=\"none\" viewBox=\"0 0 12 12\">\n\t\t\t\t<path fill=\"#fff\" d=\"M2 0a2 2 0 0 0-2 2v2h1.5V2a.5.5 0 0 1 .5-.5h2V0H2Zm2 10.5H2a.5.5 0 0 1-.5-.5V8H0v2a2 2 0 0 0 2 2h2v-1.5ZM8 12v-1.5h2a.5.5 0 0 0 .5-.5V8H12v2a2 2 0 0 1-2 2H8Zm2-12a2 2 0 0 1 2 2v2h-1.5V2a.5.5 0 0 0-.5-.5H8V0h2Z\" \/>\n\t\t\t<\/svg>\n\t\t<\/button><\/figure>\n\n\n\n<figure data-wp-context=\"{&quot;imageId&quot;:&quot;69fb6089213f4&quot;}\" data-wp-interactive=\"core\/image\" data-wp-key=\"69fb6089213f4\" class=\"wp-block-image size-full has-custom-border wp-lightbox-container\"><img loading=\"lazy\" decoding=\"async\" width=\"768\" height=\"576\" data-wp-class--hide=\"state.isContentHidden\" data-wp-class--show=\"state.isContentVisible\" data-wp-init=\"callbacks.setButtonStyles\" data-wp-on--click=\"actions.showLightbox\" data-wp-on--load=\"callbacks.setButtonStyles\" data-wp-on-window--resize=\"callbacks.setButtonStyles\" data-id=\"317\" src=\"https:\/\/akustikputsarna.se\/wp-content\/uploads\/2025\/11\/transport.jpg\" alt=\"\" class=\"wp-image-317\" style=\"border-radius:1.5rem\" srcset=\"https:\/\/akustikputsarna.se\/wp-content\/uploads\/2025\/11\/transport.jpg 768w, https:\/\/akustikputsarna.se\/wp-content\/uploads\/2025\/11\/transport-300x225.jpg 300w\" sizes=\"auto, (max-width: 768px) 100vw, 768px\" \/><button\n\t\t\tclass=\"lightbox-trigger\"\n\t\t\ttype=\"button\"\n\t\t\taria-haspopup=\"dialog\"\n\t\t\taria-label=\"Enlarge\"\n\t\t\tdata-wp-init=\"callbacks.initTriggerButton\"\n\t\t\tdata-wp-on--click=\"actions.showLightbox\"\n\t\t\tdata-wp-style--right=\"state.imageButtonRight\"\n\t\t\tdata-wp-style--top=\"state.imageButtonTop\"\n\t\t>\n\t\t\t<svg xmlns=\"http:\/\/www.w3.org\/2000\/svg\" width=\"12\" height=\"12\" fill=\"none\" viewBox=\"0 0 12 12\">\n\t\t\t\t<path fill=\"#fff\" d=\"M2 0a2 2 0 0 0-2 2v2h1.5V2a.5.5 0 0 1 .5-.5h2V0H2Zm2 10.5H2a.5.5 0 0 1-.5-.5V8H0v2a2 2 0 0 0 2 2h2v-1.5ZM8 12v-1.5h2a.5.5 0 0 0 .5-.5V8H12v2a2 2 0 0 1-2 2H8Zm2-12a2 2 0 0 1 2 2v2h-1.5V2a.5.5 0 0 0-.5-.5H8V0h2Z\" \/>\n\t\t\t<\/svg>\n\t\t<\/button><\/figure>\n\n\n\n<figure data-wp-context=\"{&quot;imageId&quot;:&quot;69fb6089210d2&quot;}\" data-wp-interactive=\"core\/image\" data-wp-key=\"69fb6089210d2\" class=\"wp-block-image size-full has-custom-border wp-lightbox-container\"><img loading=\"lazy\" decoding=\"async\" width=\"768\" height=\"576\" data-wp-class--hide=\"state.isContentHidden\" data-wp-class--show=\"state.isContentVisible\" data-wp-init=\"callbacks.setButtonStyles\" data-wp-on--click=\"actions.showLightbox\" data-wp-on--load=\"callbacks.setButtonStyles\" data-wp-on-window--resize=\"callbacks.setButtonStyles\" data-id=\"318\" src=\"https:\/\/akustikputsarna.se\/wp-content\/uploads\/2025\/11\/wellness.jpg\" alt=\"\" class=\"wp-image-318\" style=\"border-radius:1.5rem\" srcset=\"https:\/\/akustikputsarna.se\/wp-content\/uploads\/2025\/11\/wellness.jpg 768w, https:\/\/akustikputsarna.se\/wp-content\/uploads\/2025\/11\/wellness-300x225.jpg 300w\" sizes=\"auto, (max-width: 768px) 100vw, 768px\" \/><button\n\t\t\tclass=\"lightbox-trigger\"\n\t\t\ttype=\"button\"\n\t\t\taria-haspopup=\"dialog\"\n\t\t\taria-label=\"Enlarge\"\n\t\t\tdata-wp-init=\"callbacks.initTriggerButton\"\n\t\t\tdata-wp-on--click=\"actions.showLightbox\"\n\t\t\tdata-wp-style--right=\"state.imageButtonRight\"\n\t\t\tdata-wp-style--top=\"state.imageButtonTop\"\n\t\t>\n\t\t\t<svg xmlns=\"http:\/\/www.w3.org\/2000\/svg\" width=\"12\" height=\"12\" fill=\"none\" viewBox=\"0 0 12 12\">\n\t\t\t\t<path fill=\"#fff\" d=\"M2 0a2 2 0 0 0-2 2v2h1.5V2a.5.5 0 0 1 .5-.5h2V0H2Zm2 10.5H2a.5.5 0 0 1-.5-.5V8H0v2a2 2 0 0 0 2 2h2v-1.5ZM8 12v-1.5h2a.5.5 0 0 0 .5-.5V8H12v2a2 2 0 0 1-2 2H8Zm2-12a2 2 0 0 1 2 2v2h-1.5V2a.5.5 0 0 0-.5-.5H8V0h2Z\" \/>\n\t\t\t<\/svg>\n\t\t<\/button><\/figure>\n\n\n\n<figure data-wp-context=\"{&quot;imageId&quot;:&quot;69fb6089207f0&quot;}\" data-wp-interactive=\"core\/image\" data-wp-key=\"69fb6089207f0\" class=\"wp-block-image size-full has-custom-border wp-lightbox-container\"><img loading=\"lazy\" decoding=\"async\" width=\"768\" height=\"576\" data-wp-class--hide=\"state.isContentHidden\" data-wp-class--show=\"state.isContentVisible\" data-wp-init=\"callbacks.setButtonStyles\" data-wp-on--click=\"actions.showLightbox\" data-wp-on--load=\"callbacks.setButtonStyles\" data-wp-on-window--resize=\"callbacks.setButtonStyles\" data-id=\"320\" src=\"https:\/\/akustikputsarna.se\/wp-content\/uploads\/2025\/11\/cultural.jpg\" alt=\"\" class=\"wp-image-320\" style=\"border-radius:1.5rem\" srcset=\"https:\/\/akustikputsarna.se\/wp-content\/uploads\/2025\/11\/cultural.jpg 768w, https:\/\/akustikputsarna.se\/wp-content\/uploads\/2025\/11\/cultural-300x225.jpg 300w\" sizes=\"auto, (max-width: 768px) 100vw, 768px\" \/><button\n\t\t\tclass=\"lightbox-trigger\"\n\t\t\ttype=\"button\"\n\t\t\taria-haspopup=\"dialog\"\n\t\t\taria-label=\"Enlarge\"\n\t\t\tdata-wp-init=\"callbacks.initTriggerButton\"\n\t\t\tdata-wp-on--click=\"actions.showLightbox\"\n\t\t\tdata-wp-style--right=\"state.imageButtonRight\"\n\t\t\tdata-wp-style--top=\"state.imageButtonTop\"\n\t\t>\n\t\t\t<svg xmlns=\"http:\/\/www.w3.org\/2000\/svg\" width=\"12\" height=\"12\" fill=\"none\" viewBox=\"0 0 12 12\">\n\t\t\t\t<path fill=\"#fff\" d=\"M2 0a2 2 0 0 0-2 2v2h1.5V2a.5.5 0 0 1 .5-.5h2V0H2Zm2 10.5H2a.5.5 0 0 1-.5-.5V8H0v2a2 2 0 0 0 2 2h2v-1.5ZM8 12v-1.5h2a.5.5 0 0 0 .5-.5V8H12v2a2 2 0 0 1-2 2H8Zm2-12a2 2 0 0 1 2 2v2h-1.5V2a.5.5 0 0 0-.5-.5H8V0h2Z\" \/>\n\t\t\t<\/svg>\n\t\t<\/button><\/figure>\n\n\n\n<figure data-wp-context=\"{&quot;imageId&quot;:&quot;69fb60891fd82&quot;}\" data-wp-interactive=\"core\/image\" data-wp-key=\"69fb60891fd82\" class=\"wp-block-image size-full has-custom-border wp-lightbox-container\"><img loading=\"lazy\" decoding=\"async\" width=\"768\" height=\"576\" data-wp-class--hide=\"state.isContentHidden\" data-wp-class--show=\"state.isContentVisible\" data-wp-init=\"callbacks.setButtonStyles\" data-wp-on--click=\"actions.showLightbox\" data-wp-on--load=\"callbacks.setButtonStyles\" data-wp-on-window--resize=\"callbacks.setButtonStyles\" data-id=\"323\" src=\"https:\/\/akustikputsarna.se\/wp-content\/uploads\/2025\/11\/Office.jpg\" alt=\"\" class=\"wp-image-323\" style=\"border-radius:1.5rem\" title=\"\" srcset=\"https:\/\/akustikputsarna.se\/wp-content\/uploads\/2025\/11\/Office.jpg 768w, https:\/\/akustikputsarna.se\/wp-content\/uploads\/2025\/11\/Office-300x225.jpg 300w\" sizes=\"auto, (max-width: 768px) 100vw, 768px\" \/><button\n\t\t\tclass=\"lightbox-trigger\"\n\t\t\ttype=\"button\"\n\t\t\taria-haspopup=\"dialog\"\n\t\t\taria-label=\"Enlarge\"\n\t\t\tdata-wp-init=\"callbacks.initTriggerButton\"\n\t\t\tdata-wp-on--click=\"actions.showLightbox\"\n\t\t\tdata-wp-style--right=\"state.imageButtonRight\"\n\t\t\tdata-wp-style--top=\"state.imageButtonTop\"\n\t\t>\n\t\t\t<svg xmlns=\"http:\/\/www.w3.org\/2000\/svg\" width=\"12\" height=\"12\" fill=\"none\" viewBox=\"0 0 12 12\">\n\t\t\t\t<path fill=\"#fff\" d=\"M2 0a2 2 0 0 0-2 2v2h1.5V2a.5.5 0 0 1 .5-.5h2V0H2Zm2 10.5H2a.5.5 0 0 1-.5-.5V8H0v2a2 2 0 0 0 2 2h2v-1.5ZM8 12v-1.5h2a.5.5 0 0 0 .5-.5V8H12v2a2 2 0 0 1-2 2H8Zm2-12a2 2 0 0 1 2 2v2h-1.5V2a.5.5 0 0 0-.5-.5H8V0h2Z\" \/>\n\t\t\t<\/svg>\n\t\t<\/button><\/figure>\n\n\n\n<figure data-wp-context=\"{&quot;imageId&quot;:&quot;69fb6089204b2&quot;}\" data-wp-interactive=\"core\/image\" data-wp-key=\"69fb6089204b2\" class=\"wp-block-image size-full has-custom-border wp-lightbox-container\"><img loading=\"lazy\" decoding=\"async\" width=\"768\" height=\"576\" data-wp-class--hide=\"state.isContentHidden\" data-wp-class--show=\"state.isContentVisible\" data-wp-init=\"callbacks.setButtonStyles\" data-wp-on--click=\"actions.showLightbox\" data-wp-on--load=\"callbacks.setButtonStyles\" data-wp-on-window--resize=\"callbacks.setButtonStyles\" data-id=\"321\" src=\"https:\/\/akustikputsarna.se\/wp-content\/uploads\/2025\/11\/restaurants.jpg\" alt=\"\" class=\"wp-image-321\" style=\"border-radius:1.5rem\" srcset=\"https:\/\/akustikputsarna.se\/wp-content\/uploads\/2025\/11\/restaurants.jpg 768w, https:\/\/akustikputsarna.se\/wp-content\/uploads\/2025\/11\/restaurants-300x225.jpg 300w\" sizes=\"auto, (max-width: 768px) 100vw, 768px\" \/><button\n\t\t\tclass=\"lightbox-trigger\"\n\t\t\ttype=\"button\"\n\t\t\taria-haspopup=\"dialog\"\n\t\t\taria-label=\"Enlarge\"\n\t\t\tdata-wp-init=\"callbacks.initTriggerButton\"\n\t\t\tdata-wp-on--click=\"actions.showLightbox\"\n\t\t\tdata-wp-style--right=\"state.imageButtonRight\"\n\t\t\tdata-wp-style--top=\"state.imageButtonTop\"\n\t\t>\n\t\t\t<svg xmlns=\"http:\/\/www.w3.org\/2000\/svg\" width=\"12\" height=\"12\" fill=\"none\" viewBox=\"0 0 12 12\">\n\t\t\t\t<path fill=\"#fff\" d=\"M2 0a2 2 0 0 0-2 2v2h1.5V2a.5.5 0 0 1 .5-.5h2V0H2Zm2 10.5H2a.5.5 0 0 1-.5-.5V8H0v2a2 2 0 0 0 2 2h2v-1.5ZM8 12v-1.5h2a.5.5 0 0 0 .5-.5V8H12v2a2 2 0 0 1-2 2H8Zm2-12a2 2 0 0 1 2 2v2h-1.5V2a.5.5 0 0 0-.5-.5H8V0h2Z\" \/>\n\t\t\t<\/svg>\n\t\t<\/button><\/figure>\n\n\n\n<figure data-wp-context=\"{&quot;imageId&quot;:&quot;69fb60892018a&quot;}\" data-wp-interactive=\"core\/image\" data-wp-key=\"69fb60892018a\" class=\"wp-block-image size-full has-custom-border wp-lightbox-container\"><img loading=\"lazy\" decoding=\"async\" width=\"768\" height=\"576\" data-wp-class--hide=\"state.isContentHidden\" data-wp-class--show=\"state.isContentVisible\" data-wp-init=\"callbacks.setButtonStyles\" data-wp-on--click=\"actions.showLightbox\" data-wp-on--load=\"callbacks.setButtonStyles\" data-wp-on-window--resize=\"callbacks.setButtonStyles\" data-id=\"322\" src=\"https:\/\/akustikputsarna.se\/wp-content\/uploads\/2025\/11\/education.jpg\" alt=\"\" class=\"wp-image-322\" style=\"border-radius:1.5rem\" srcset=\"https:\/\/akustikputsarna.se\/wp-content\/uploads\/2025\/11\/education.jpg 768w, https:\/\/akustikputsarna.se\/wp-content\/uploads\/2025\/11\/education-300x225.jpg 300w\" sizes=\"auto, (max-width: 768px) 100vw, 768px\" \/><button\n\t\t\tclass=\"lightbox-trigger\"\n\t\t\ttype=\"button\"\n\t\t\taria-haspopup=\"dialog\"\n\t\t\taria-label=\"Enlarge\"\n\t\t\tdata-wp-init=\"callbacks.initTriggerButton\"\n\t\t\tdata-wp-on--click=\"actions.showLightbox\"\n\t\t\tdata-wp-style--right=\"state.imageButtonRight\"\n\t\t\tdata-wp-style--top=\"state.imageButtonTop\"\n\t\t>\n\t\t\t<svg xmlns=\"http:\/\/www.w3.org\/2000\/svg\" width=\"12\" height=\"12\" fill=\"none\" viewBox=\"0 0 12 12\">\n\t\t\t\t<path fill=\"#fff\" d=\"M2 0a2 2 0 0 0-2 2v2h1.5V2a.5.5 0 0 1 .5-.5h2V0H2Zm2 10.5H2a.5.5 0 0 1-.5-.5V8H0v2a2 2 0 0 0 2 2h2v-1.5ZM8 12v-1.5h2a.5.5 0 0 0 .5-.5V8H12v2a2 2 0 0 1-2 2H8Zm2-12a2 2 0 0 1 2 2v2h-1.5V2a.5.5 0 0 0-.5-.5H8V0h2Z\" \/>\n\t\t\t<\/svg>\n\t\t<\/button><\/figure>\n<\/figure>\n<\/div>\n\n\n\n<div class=\"wp-block-group alignfull has-background-background-color has-background has-global-padding is-layout-constrained wp-container-core-group-is-layout-7276a2bb wp-block-group-is-layout-constrained\" id=\"om\" style=\"margin-top:0;margin-bottom:0;padding-top:var(--wp--preset--spacing--60);padding-right:var(--wp--preset--spacing--30);padding-bottom:var(--wp--preset--spacing--60);padding-left:var(--wp--preset--spacing--30)\">\n<div class=\"wp-block-columns alignwide is-layout-flex wp-container-core-columns-is-layout-47c06fe3 wp-block-columns-is-layout-flex\">\n<div class=\"wp-block-column is-layout-flow wp-container-core-column-is-layout-119bc444 wp-block-column-is-layout-flow\" style=\"flex-basis:60%\">\n<h2 class=\"wp-block-heading\">Skr\u00e4ddarsydda akustikl\u00f6sningar f\u00f6r exklusiva byggprojekt<\/h2>\n\n\n\n<p class=\"has-medium-font-size\" style=\"margin-top:16px\">H\u00e4r presenteras v\u00e5r passion f\u00f6r akustikputs och design, med fokus p\u00e5 att skapa skr\u00e4ddarsydda l\u00f6sningar som f\u00f6rh\u00f6jer arkitektur och ljudmilj\u00f6.<\/p>\n<\/div>\n\n\n\n<div class=\"wp-block-column is-vertically-aligned-top is-layout-flow wp-container-core-column-is-layout-f5bb311e wp-block-column-is-layout-flow\" style=\"flex-basis:50%\"><\/div>\n<\/div>\n\n\n\n<div class=\"wp-block-cover alignwide is-light\" style=\"border-radius:1.5rem;min-height:30vh;aspect-ratio:unset;\"><img loading=\"lazy\" decoding=\"async\" width=\"700\" height=\"526\" class=\"wp-block-cover__image-background wp-image-87 size-full\" alt=\"\" src=\"https:\/\/akustikputsarna.se\/wp-content\/uploads\/2025\/11\/villa.jpg\" data-object-fit=\"cover\" srcset=\"https:\/\/akustikputsarna.se\/wp-content\/uploads\/2025\/11\/villa.jpg 700w, https:\/\/akustikputsarna.se\/wp-content\/uploads\/2025\/11\/villa-300x225.jpg 300w\" sizes=\"auto, (max-width: 700px) 100vw, 700px\" \/><span aria-hidden=\"true\" class=\"wp-block-cover__background has-background-dim-0 has-background-dim\" style=\"background-color:#a7afaa\"><\/span><div class=\"wp-block-cover__inner-container is-layout-flow wp-block-cover-is-layout-flow\">\n<div style=\"height:100px\" aria-hidden=\"true\" class=\"wp-block-spacer\"><\/div>\n<\/div><\/div>\n<\/div>\n\n\n\n<p><\/p>\n","protected":false},"excerpt":{"rendered":"<p>Akustikputsarna \u00e4r Sveriges mest m\u00e5ngsidiga akustika behandling. Det har aldrig funnits en b\u00e4ttre tid att fr\u00e4mja v\u00e4lbefinnande och f\u00f6rb\u00e4ttra anv\u00e4ndarupplevelsen genom att designa f\u00f6r sinnena. V\u00e4lj Akustikputsarna f\u00f6r interi\u00f6rer d\u00e4r utseende, kvalitet, livsl\u00e4ngd och m\u00e5ngsidighet \u00e4r lika viktiga som akustiken. Skr\u00e4ddarsydda akustikl\u00f6sningar f\u00f6r exklusiva byggprojekt H\u00e4r presenteras v\u00e5r passion f\u00f6r akustikputs och design, med fokus [&hellip;]<\/p>\n","protected":false},"author":1,"featured_media":78,"parent":0,"menu_order":0,"comment_status":"closed","ping_status":"closed","template":"page-with-title","meta":{"footnotes":""},"class_list":["post-16","page","type-page","status-publish","has-post-thumbnail","hentry"],"_links":{"self":[{"href":"https:\/\/akustikputsarna.se\/en\/wp-json\/wp\/v2\/pages\/16","targetHints":{"allow":["GET"]}}],"collection":[{"href":"https:\/\/akustikputsarna.se\/en\/wp-json\/wp\/v2\/pages"}],"about":[{"href":"https:\/\/akustikputsarna.se\/en\/wp-json\/wp\/v2\/types\/page"}],"author":[{"embeddable":true,"href":"https:\/\/akustikputsarna.se\/en\/wp-json\/wp\/v2\/users\/1"}],"replies":[{"embeddable":true,"href":"https:\/\/akustikputsarna.se\/en\/wp-json\/wp\/v2\/comments?post=16"}],"version-history":[{"count":20,"href":"https:\/\/akustikputsarna.se\/en\/wp-json\/wp\/v2\/pages\/16\/revisions"}],"predecessor-version":[{"id":1261,"href":"https:\/\/akustikputsarna.se\/en\/wp-json\/wp\/v2\/pages\/16\/revisions\/1261"}],"wp:featuredmedia":[{"embeddable":true,"href":"https:\/\/akustikputsarna.se\/en\/wp-json\/wp\/v2\/media\/78"}],"wp:attachment":[{"href":"https:\/\/akustikputsarna.se\/en\/wp-json\/wp\/v2\/media?parent=16"}],"curies":[{"name":"wp","href":"https:\/\/api.w.org\/{rel}","templated":true}]}}