{"id":15,"date":"2025-11-11T15:05:48","date_gmt":"2025-11-11T15:05:48","guid":{"rendered":"https:\/\/akustikputsarna.se\/kontakt\/"},"modified":"2026-01-14T20:56:26","modified_gmt":"2026-01-14T19:56:26","slug":"kontakt","status":"publish","type":"page","link":"https:\/\/akustikputsarna.se\/en\/kontakt\/","title":{"rendered":"Contact Akustikputsarna"},"content":{"rendered":"<div class=\"wp-block-group alignfull has-background-background-color has-background has-global-padding is-layout-constrained wp-block-group-is-layout-constrained\" id=\"kontakt\" style=\"margin-top:0;margin-bottom:0;padding-top:var(--wp--preset--spacing--60);padding-bottom:var(--wp--preset--spacing--60)\">\n<div class=\"wp-block-group alignwide has-background-background-color has-background has-global-padding is-layout-constrained wp-container-core-group-is-layout-1030c8e5 wp-block-group-is-layout-constrained\" style=\"border-radius:1.5rem;min-height:100%;padding-top:var(--wp--preset--spacing--30);padding-right:var(--wp--preset--spacing--30);padding-bottom:var(--wp--preset--spacing--30);padding-left:var(--wp--preset--spacing--30)\">\n<div class=\"wp-block-columns is-layout-flex wp-container-core-columns-is-layout-28f84493 wp-block-columns-is-layout-flex\">\n<div class=\"wp-block-column is-layout-flow wp-block-column-is-layout-flow\" style=\"flex-basis:100%\">\n<div class=\"wp-block-group has-tertiary-background-color has-background has-global-padding is-layout-constrained wp-container-core-group-is-layout-5ee4bce5 wp-block-group-is-layout-constrained\" style=\"border-radius:1.5rem;padding-top:var(--wp--preset--spacing--30);padding-right:var(--wp--preset--spacing--30);padding-bottom:var(--wp--preset--spacing--30);padding-left:var(--wp--preset--spacing--30)\">\n<h2 class=\"wp-block-heading\">Your personal contact person in Stockholm, Sweden<\/h2>\n\n\n\n<figure class=\"wp-block-image alignright is-resized\"><img loading=\"lazy\" decoding=\"async\" width=\"1389\" height=\"1389\" src=\"https:\/\/akustikputsarna.se\/wp-content\/uploads\/2025\/12\/Daniel-portratt-rund.png\" alt=\"\" class=\"wp-image-1201\" style=\"width:285px;height:auto\" srcset=\"https:\/\/akustikputsarna.se\/wp-content\/uploads\/2025\/12\/Daniel-portratt-rund.png 1389w, https:\/\/akustikputsarna.se\/wp-content\/uploads\/2025\/12\/Daniel-portratt-rund-300x300.png 300w, https:\/\/akustikputsarna.se\/wp-content\/uploads\/2025\/12\/Daniel-portratt-rund-1024x1024.png 1024w, https:\/\/akustikputsarna.se\/wp-content\/uploads\/2025\/12\/Daniel-portratt-rund-150x150.png 150w, https:\/\/akustikputsarna.se\/wp-content\/uploads\/2025\/12\/Daniel-portratt-rund-768x768.png 768w, https:\/\/akustikputsarna.se\/wp-content\/uploads\/2025\/12\/Daniel-portratt-rund-12x12.png 12w\" sizes=\"auto, (max-width: 1389px) 100vw, 1389px\" \/><\/figure>\n\n\n\n<h4 class=\"wp-block-heading\">Daniel Hillman<\/h4>\n\n\n\n<p><em>Project Leader<\/em><\/p>\n<\/div>\n<\/div>\n<\/div>\n\n\n\n<div class=\"wp-block-columns are-vertically-aligned-center is-not-stacked-on-mobile has-tertiary-background-color has-background is-layout-flex wp-container-core-columns-is-layout-877a7dc8 wp-block-columns-is-layout-flex\" style=\"border-radius:1.5rem;padding-top:var(--wp--preset--spacing--30);padding-right:var(--wp--preset--spacing--30);padding-bottom:var(--wp--preset--spacing--30);padding-left:var(--wp--preset--spacing--30)\">\n<div class=\"wp-block-column is-vertically-aligned-center is-layout-flow wp-block-column-is-layout-flow\" style=\"flex-basis:24px\">\n<figure class=\"wp-block-image size-large wp-duotone-primary-foreground\"><img decoding=\"async\" src=\"data:image\/svg+xml;base64,PHN2ZyB4bWxucz0iaHR0cDovL3d3dy53My5vcmcvMjAwMC9zdmciIGhlaWdodD0iMjRweCIgdmlld0JveD0iMCAtOTYwIDk2MCA5NjAiIHdpZHRoPSIyNHB4IiBmaWxsPSIjMWYxZjFmIj48cGF0aCBkPSJNNzYwLTQ4MHEwLTExNy04MS41LTE5OC41VDQ4MC03NjB2LTgwcTc1IDAgMTQwLjUgMjguNXQxMTQgNzdxNDguNSA0OC41IDc3IDExNFQ4NDAtNDgwaC04MFptLTE2MCAwcTAtNTAtMzUtODV0LTg1LTM1di04MHE4MyAwIDE0MS41IDU4LjVUNjgwLTQ4MGgtODBabTE5OCAzNjBxLTEyNSAwLTI0Ny01NC41VDMyOS0zMjlRMjI5LTQyOSAxNzQuNS01NTFUMTIwLTc5OHEwLTE4IDEyLTMwdDMwLTEyaDE2MnExNCAwIDI1IDkuNXQxMyAyMi41bDI2IDE0MHEyIDE2LTEgMjd0LTExIDE5bC05NyA5OHEyMCAzNyA0Ny41IDcxLjVUMzg3LTM4NnEzMSAzMSA2NSA1Ny41dDcyIDQ4LjVsOTQtOTRxOS05IDIzLjUtMTMuNVQ2NzAtMzkwbDEzOCAyOHExNCA0IDIzIDE0LjV0OSAyMy41djE2MnEwIDE4LTEyIDMwdC0zMCAxMlpNMjQxLTYwMGw2Ni02Ni0xNy05NGgtODlxNSA0MSAxNCA4MXQyNiA3OVptMzU4IDM1OHEzOSAxNyA3OS41IDI3dDgxLjUgMTN2LTg4bC05NC0xOS02NyA2N1pNMjQxLTYwMFptMzU4IDM1OFoiLz48L3N2Zz4=\" alt=\"\"\/><\/figure>\n<\/div>\n\n\n\n<div class=\"wp-block-column is-vertically-aligned-center is-layout-flow wp-container-core-column-is-layout-8a368f38 wp-block-column-is-layout-flow\">\n<p class=\"has-medium-font-size\" style=\"font-style:normal;font-weight:500\">+46-70 976 73 59<\/p>\n<\/div>\n<\/div>\n\n\n\n<div class=\"wp-block-columns are-vertically-aligned-center is-not-stacked-on-mobile has-tertiary-background-color has-background is-layout-flex wp-container-core-columns-is-layout-877a7dc8 wp-block-columns-is-layout-flex\" style=\"border-radius:1.5rem;padding-top:var(--wp--preset--spacing--30);padding-right:var(--wp--preset--spacing--30);padding-bottom:var(--wp--preset--spacing--30);padding-left:var(--wp--preset--spacing--30)\">\n<div class=\"wp-block-column is-vertically-aligned-center is-layout-flow wp-block-column-is-layout-flow\" style=\"flex-basis:24px\">\n<figure class=\"wp-block-image size-large wp-duotone-primary-foreground\"><img decoding=\"async\" src=\"data:image\/svg+xml;base64,PHN2ZyB4bWxucz0iaHR0cDovL3d3dy53My5vcmcvMjAwMC9zdmciIGhlaWdodD0iMjRweCIgdmlld0JveD0iMCAtOTYwIDk2MCA5NjAiIHdpZHRoPSIyNHB4IiBmaWxsPSIjMWYxZjFmIj48cGF0aCBkPSJNMTYwLTE2MHEtMzMgMC01Ni41LTIzLjVUODAtMjQwdi00ODBxMC0zMyAyMy41LTU2LjVUMTYwLTgwMGg2NDBxMzMgMCA1Ni41IDIzLjVUODgwLTcyMHY0ODBxMCAzMy0yMy41IDU2LjVUODAwLTE2MEgxNjBabTMyMC0yODBMMTYwLTY0MHY0MDBoNjQwdi00MDBMNDgwLTQ0MFptMC04MCAzMjAtMjAwSDE2MGwzMjAgMjAwWk0xNjAtNjQwdi04MCA0ODAtNDAwWiIvPjwvc3ZnPg==\" alt=\"\"\/><\/figure>\n<\/div>\n\n\n\n<div class=\"wp-block-column is-vertically-aligned-center is-layout-flow wp-container-core-column-is-layout-8a368f38 wp-block-column-is-layout-flow\">\n<p class=\"has-medium-font-size\" style=\"font-style:normal;font-weight:500\"><a href=\"mailto:daniel@akustikputsarna.se\">daniel@akustikputsarna.se<\/a><\/p>\n\n\n<\/div>\n<\/div>\n<\/div>\n<\/div>","protected":false},"excerpt":{"rendered":"<p>Din personlig kontaktperson i Stockholm, Sverige Daniel Hillman Projektledare +46-70 976 73 59 daniel@akustikputsarna.se Exklusiva akustikl\u00f6sningar f\u00f6r design och funktion H\u00e4r hittar du all n\u00f6dv\u00e4ndig kontaktinfo, fr\u00e5n f\u00f6retagsadress till telefon och e-post, s\u00e5 att du smidigt n\u00e5r v\u00e5rt expertteam f\u00f6r r\u00e5dgivning eller fr\u00e5gor.<\/p>","protected":false},"author":1,"featured_media":0,"parent":0,"menu_order":0,"comment_status":"closed","ping_status":"closed","template":"page-with-title","meta":{"footnotes":""},"class_list":["post-15","page","type-page","status-publish","hentry"],"_links":{"self":[{"href":"https:\/\/akustikputsarna.se\/en\/wp-json\/wp\/v2\/pages\/15","targetHints":{"allow":["GET"]}}],"collection":[{"href":"https:\/\/akustikputsarna.se\/en\/wp-json\/wp\/v2\/pages"}],"about":[{"href":"https:\/\/akustikputsarna.se\/en\/wp-json\/wp\/v2\/types\/page"}],"author":[{"embeddable":true,"href":"https:\/\/akustikputsarna.se\/en\/wp-json\/wp\/v2\/users\/1"}],"replies":[{"embeddable":true,"href":"https:\/\/akustikputsarna.se\/en\/wp-json\/wp\/v2\/comments?post=15"}],"version-history":[{"count":3,"href":"https:\/\/akustikputsarna.se\/en\/wp-json\/wp\/v2\/pages\/15\/revisions"}],"predecessor-version":[{"id":1286,"href":"https:\/\/akustikputsarna.se\/en\/wp-json\/wp\/v2\/pages\/15\/revisions\/1286"}],"wp:attachment":[{"href":"https:\/\/akustikputsarna.se\/en\/wp-json\/wp\/v2\/media?parent=15"}],"curies":[{"name":"wp","href":"https:\/\/api.w.org\/{rel}","templated":true}]}}