{"id":1289,"date":"2026-01-14T21:09:53","date_gmt":"2026-01-14T20:09:53","guid":{"rendered":"https:\/\/akustikputsarna.se\/?page_id=1289"},"modified":"2026-01-14T21:12:18","modified_gmt":"2026-01-14T20:12:18","slug":"integritetspolicy","status":"publish","type":"page","link":"https:\/\/akustikputsarna.se\/en\/integritetspolicy\/","title":{"rendered":"Integritetspolicy"},"content":{"rendered":"<div style=\"height:26px\" aria-hidden=\"true\" class=\"wp-block-spacer\"><\/div>\n\n\n\n<h2 class=\"wp-block-heading\">V\u00c5RA \u00c5TAGANDEN<\/h2>\n\n\n\n<p>P\u00e5 Stuckbema AB har vi en fullutrustad tillverkningsverkstad till v\u00e5rt f\u00f6rfogande. Vi utf\u00f6r allt inom stuckaturer s\u00e5som reparationer, restaureringar, nyproduktion, montering mm (detta kallas nedan gemensamt f\u00f6r \u201dTj\u00e4nsterna\u201d).<\/p>\n\n\n\n<p>Vi v\u00e4rnar om den personliga integriteten och vi str\u00e4var d\u00e4rf\u00f6r efter att vara tydliga med hur vi samlar in, anv\u00e4nder, \u00f6verf\u00f6r och lagrar de personuppgifter som vi f\u00e5r tillg\u00e5ng till i v\u00e5r verksamhet. Vi behandlar i huvudsak personuppgifter om v\u00e5ra kunder (vilket \u00e4r \u00e4ven framtida och f\u00f6re detta kunder), anst\u00e4llda och v\u00e5ra kontaktpersoner hos v\u00e5ra leverant\u00f6rer. Vi kan \u00e4ven komma att behandla personuppgifter om andra personer, exempelvis arbetss\u00f6kande, bes\u00f6kare av v\u00e5r hemsida eller andra personer som vi kommer i kontakt med i verksamheten p\u00e5 olika s\u00e4tt.<\/p>\n\n\n\n<h2 class=\"wp-block-heading\">VILKA PERSONUPPGIFTER VI BEHANDLAR<\/h2>\n\n\n\n<p>Vi samlar i huvudsak in personuppgifter om v\u00e5ra kunder i anslutning till och vid utf\u00f6rande av Tj\u00e4nsterna. Uppgifterna som typiskt sett behandlas om v\u00e5ra kunder (inklusive framtida och f\u00f6re detta kunder) \u00e4r till exempel:<\/p>\n\n\n\n<ul class=\"wp-block-list\">\n<li>identifieringsuppgifter (namn och personnummer);\u00a0<\/li>\n\n\n\n<li>kontaktuppgifter (adress, telefonnummer, mailadresser);\u00a0<\/li>\n\n\n\n<li>bilder (ex. referensbilder,efter smatycke, f\u00f6r projekt d\u00e4r personer f\u00f6rekommer);\u00a0<\/li>\n\n\n\n<li>uppgifter om personliga vanor och hemmilj\u00f6 (exempelvis uppgifter om stuckaturer eller personliga stilpreferenser); samt\u00a0<\/li>\n\n\n\n<li>finansiella uppgifter (t ex uppgifter om betalda och obetalda fakturor).<\/li>\n<\/ul>\n\n\n\n<p>De personuppgifter som typiskt sett behandlas om v\u00e5ra anst\u00e4llda \u00e4r:<\/p>\n\n\n\n<ul class=\"wp-block-list\">\n<li>identifieringsuppgifter (namn och personnummer);<\/li>\n\n\n\n<li>kontaktuppgifter (adress, telefonnummer, mailadresser);<\/li>\n\n\n\n<li>bankuppgifter\/l\u00f6neuppgifter;<\/li>\n\n\n\n<li>uppgift om genomf\u00f6rda utbildningar med betyg;\u00a0<\/li>\n\n\n\n<li>bilder (efter samtycke som n\u00e4r som helst kan \u00e5terkallas);<\/li>\n\n\n\n<li>kontaktuppgifter till n\u00e4rmast anh\u00f6riga; samt<\/li>\n\n\n\n<li>annan information som du l\u00e4mnar i samband med anst\u00e4llningen.<\/li>\n<\/ul>\n\n\n\n<p>De personuppgifter som typiskt sett behandlas om v\u00e5ra kontaktpersoner f\u00f6r v\u00e5ra leverant\u00f6rer \u00e4r:<\/p>\n\n\n\n<ul class=\"wp-block-list\">\n<li>identifieringsuppgifter (namn);\u00a0<\/li>\n\n\n\n<li>kontaktuppgifter (f\u00f6retagsadress, telefonnummer, mailadress); samt\u00a0<\/li>\n\n\n\n<li>arbetsrelaterade uppgifter (t.ex. yrkestitel, arbetsplats, befogenheter, schema)<\/li>\n<\/ul>\n\n\n\n<p>De personuppgifter som typiskt sett behandlas f\u00f6r arbetss\u00f6kande \u00e4r:<\/p>\n\n\n\n<ul class=\"wp-block-list\">\n<li>CV med utf\u00f6rda utbildningar, betyg, referenser<\/li>\n<\/ul>\n\n\n\n<p>Om du d\u00e4remot enbart bes\u00f6ker v\u00e5r hemsida samlas och behandlas inga andra personuppgifter \u00e4n cookies. En cookie \u00e4r en liten textfil som skickas fr\u00e5n v\u00e5r webbserver och som sparas av din webbl\u00e4sare. Vi anv\u00e4nder s\u00e5 f\u00e5 cookies som m\u00f6jligt p\u00e5 v\u00e5r hemsida f\u00f6r att bibeh\u00e5lla en bra tj\u00e4nst.<\/p>\n\n\n\n<p>Det finns tv\u00e5 sorters cookies, \u201dvanliga\u201d cookies och sessionscookies. Sessionscookies f\u00f6rsvinner n\u00e4r du st\u00e4nger din webbl\u00e4sare och sparas allts\u00e5 inte, medan vanliga cookies sparas p\u00e5 din dator en l\u00e4ngre tid. Vi anv\u00e4nder cookies f\u00f6r att kunna r\u00e4kna antalet anv\u00e4ndare och omfattningen av trafiken p\u00e5 v\u00e5r hemsida. Genom att f\u00f6rst\u00e5 hur webbplatsen anv\u00e4nds kan vi utveckla och f\u00f6rb\u00e4ttra den. Som anv\u00e4ndare kan du st\u00e4nga av m\u00f6jligheten att spara cookies p\u00e5 din dator via din webbl\u00e4sarens inst\u00e4llningar. Vill du ha mer information kan du bes\u00f6ka Post- och Telestyrelsens hemsida (<a href=\"https:\/\/www.pts.se\/\" target=\"_blank\" rel=\"noopener\">www.pts.se<\/a>).<\/p>\n\n\n\n<h2 class=\"wp-block-heading\">HUR VI ANV\u00c4NDER DINA PERSONUPPGIFTER<\/h2>\n\n\n\n<p>Vi anv\u00e4nder insamlade personuppgifter i syfte att:<\/p>\n\n\n\n<ul class=\"wp-block-list\">\n<li>tillhandah\u00e5lla eller motta v\u00e5ra Tj\u00e4nster eller annan funktion, och d\u00e5 sker behandlingen med avtalsrelationen som laglig grund;\u00a0<\/li>\n\n\n\n<li>uppfylla v\u00e5ra skyldigheter gentemot arbetstagare med anst\u00e4llningsavtalet och r\u00e4ttsliga f\u00f6rpliktelser som laglig grund;\u00a0<\/li>\n\n\n\n<li>genomf\u00f6ra kundenk\u00e4ter f\u00f6r att fr\u00e5ga dig om dina \u00e5sikter om v\u00e5ra produkter och tj\u00e4nster med intresseavv\u00e4gning som laglig grund;\u00a0<\/li>\n\n\n\n<li>skicka marknadsf\u00f6ring med v\u00e5rt ber\u00e4ttigade intresse att kommunicera med v\u00e5ra kontakter som laglig grund;\u00a0<\/li>\n\n\n\n<li>hantera personuppgifter i anslutning till rekrytering av nya arbetstagare. Om vi har f\u00f6r \u00e4ndam\u00e5l att spara dina ans\u00f6kningshandlingar till senare rekryteringar kommer vi att fr\u00e5ga om ett samtycke f\u00f6r detta; samt att\u00a0<\/li>\n\n\n\n<li>p\u00e5 annat s\u00e4tt fullg\u00f6ra f\u00f6rpliktelser inom v\u00e5r verksamhet gentemot anst\u00e4llda, kunder, leverant\u00f6rer och arbetss\u00f6kande med avtalsrelation eller r\u00e4ttsliga f\u00f6rpliktelser som lagliga grunder.<\/li>\n<\/ul>\n\n\n\n<h2 class=\"wp-block-heading\">SAMTYCKE<\/h2>\n\n\n\n<p>Behandlingen av personuppgifter kan i vissa fall baseras p\u00e5 ett givet samtycke f\u00f6r ett specifikt \u00e4ndam\u00e5l. Om du har l\u00e4mnat samtycke till en viss behandling av personuppgifter st\u00e5r det dig fritt att \u00e5terkalla samtycket genom att ta kontakt med oss. \u00c4ven om samtycket \u00e5terkallas har vi r\u00e4tt att behandla s\u00e5dana uppgifter som \u00e4r n\u00f6dv\u00e4ndiga f\u00f6r att forts\u00e4tta behandling p\u00e5 grundval av andra r\u00e4ttsliga grunder, s\u00e5som att fullg\u00f6ra ett p\u00e5g\u00e5ende avtal.<\/p>\n\n\n\n<h2 class=\"wp-block-heading\">DELANDET AV DIN INFORMATION<\/h2>\n\n\n\n<p>Vi kan dela dina personuppgifter internt, till exempel till kundtj\u00e4nst, ekonomiavdelningen, juridiska avdelningen och f\u00f6rs\u00e4ljningsteamet och \u00e4ven till marknadsf\u00f6ringsteamet om du har valt att ta emot marknadsf\u00f6ring. Vi kan \u00e4ven komma att l\u00e4mna ut information till f\u00f6ljande externa mottagare:<\/p>\n\n\n\n<ul class=\"wp-block-list\">\n<li>dotterbolag;<\/li>\n\n\n\n<li>tj\u00e4nsteleverant\u00f6rer som utf\u00f6r vissa Tj\u00e4nster p\u00e5 uppdrag av oss (vilka under vissa f\u00f6ruts\u00e4ttningar kan ses som v\u00e5ra personuppgiftsbitr\u00e4den)<\/li>\n\n\n\n<li>Myndigheter<\/li>\n<\/ul>\n\n\n\n<p>Ovanst\u00e5ende mottagare med de undantag som anges normalt att betrakta som sj\u00e4lvst\u00e4ndigt personuppgiftsansvariga. Att f\u00f6retaget\/myndigheten \u00e4r sj\u00e4lvst\u00e4ndigt personuppgiftsansvarig inneb\u00e4r att det inte \u00e4r vi som styr hur informationen som l\u00e4mnas till f\u00f6retaget ska behandlas. N\u00e4r dina personuppgifter delas med ett f\u00f6retag som \u00e4r sj\u00e4lvst\u00e4ndigt personuppgiftsansvarigt g\u00e4ller det f\u00f6retagets eller myndighetens integritetspolicy och personuppgiftshantering.<\/p>\n\n\n\n<p>Inga personuppgifter \u00f6verf\u00f6rs fr\u00e5n oss till n\u00e5gon utanf\u00f6r det Europeiska Ekonomiska Samarbetsomr\u00e5det (EES).<\/p>\n\n\n\n<h2 class=\"wp-block-heading\">HUR VI S\u00c4KERST\u00c4LLER DIN INFORMATIONS S\u00c4KERHET<\/h2>\n\n\n\n<p>Vi skyddar din information och har inr\u00e4ttat l\u00e4mpliga fysiska, organisatoriska och tekniska \u00e5tg\u00e4rder f\u00f6r att skydda information som vi samlar in i samband med v\u00e5ra Tj\u00e4nster. Observera dock att trots att vi vidtar rimliga \u00e5tg\u00e4rder f\u00f6r att skydda din information \u00e4r ingen webbsida internet\u00f6verf\u00f6ring, datasystem eller tr\u00e5dl\u00f6s anslutning helt s\u00e4ker.<\/p>\n\n\n\n<h2 class=\"wp-block-heading\">DINA R\u00c4TTIGHETER<\/h2>\n\n\n\n<p>Du har r\u00e4tt till att beg\u00e4ra information om v\u00e5r behandling av dina personuppgifter, och protestera mot behandlingen av dina personuppgifter eller beg\u00e4ra att den korrigeras eller begr\u00e4nsas, samt att beg\u00e4ra \u00e5tkomst till, borttagning av och f\u00f6rflyttning av din information. Du har vidare r\u00e4tt att beg\u00e4ra att dina uppgifter inte behandlas f\u00f6r direktmarknadsf\u00f6rings\u00e4ndam\u00e5l. Om din beg\u00e4ran \u00e4r uppenbart ogrundad eller orimlig, t.ex. f\u00f6r att f\u00f6rfr\u00e5gan sker orimligt ofta har vi r\u00e4tt att neka din beg\u00e4ran. Vidare har vi r\u00e4tt att neka en beg\u00e4ran om att f\u00e5 tillg\u00e5ng till information om vi enligt lag eller dylikt inte f\u00e5r dela informationen med dig.<\/p>\n\n\n\n<p>\u00c4r du missn\u00f6jd med behandlingen av dina personuppgifter kan du l\u00e4mna in ett klagom\u00e5l till tillsynsmyndighet. I Sverige \u00e4r tillsynsmyndigheten Datainspektionen (<a href=\"https:\/\/www.datainspektionen.se\/\" target=\"_blank\" rel=\"noopener\">www.datainspektionen.se<\/a>).<\/p>\n\n\n\n<h2 class=\"wp-block-heading\">KONTAKTINFORMATION<\/h2>\n\n\n\n<p>Personuppgiftsansvarig \u00e4r Stuckbema AB, 559033-7084. Det inneb\u00e4r ansvar f\u00f6r den behandling som sker avseende personuppgifter. Har du n\u00e5gra fr\u00e5gor eller synpunkter g\u00e4llande Integritetspolicyn eller om personuppgiftsbehandlingen i \u00f6vrigt kan du kontakta oss&nbsp;<a href=\"mailto:jan.larsson@stuckbema.se\">jan.larsson@stuckbema.se<\/a><\/p>\n\n\n\n<h1 class=\"wp-block-heading\">What are cookies?<\/h1>\n\n\n\n<p>In order to guarantee your privacy, you are hereby informed that\u00a0<a href=\"https:\/\/stuckbema.se\/\" target=\"_blank\" rel=\"noopener\"><a href=\"https:\/\/akustikputsarna.se\/en\/hem\/\" data-type=\"page\" data-id=\"836\">akustikputsarna.se<\/a><\/a>\u00a0uses cookies which facilitate the use and navigation of the website, guarantee access to particular functions and, additionally, allow us to improve the site\u2019s quality depending on users\u2019 habits and styles of navigation.<\/p>\n\n\n\n<p>A cookie is a file which is downloaded to your device (whether it be a computer, lap top, smartphone, or tablet) when you access a website and which enables the owner of said website to store or recover certain information about a number of variables, such as, for example: how often the user has visited the page, identifying registered users, verifying the user\u2019s session while navigating around the page, and allowing operations to be done in a safe and stable way, etc.<\/p>\n\n\n\n<p>At\u00a0<a href=\"https:\/\/stuckbema.se\/\" target=\"_blank\" rel=\"noopener\"><a href=\"https:\/\/akustikputsarna.se\/en\/hem\/\" data-type=\"page\" data-id=\"836\">akustikputsarna.se<\/a><\/a>\u00a0we want to offer you all the necessary information about the types of cookies used in our website, so that you have full decision-making capacity with regards to using them and in regards to the protection of your privacy.<\/p>\n\n\n\n<p>It is important to note that blocking all cookies might disable some services and functions\u00a0<a href=\"https:\/\/akustikputsarna.se\/en\/hem\/\" data-type=\"page\" data-id=\"836\">akustikputsarna.se<\/a>.<\/p>\n\n\n\n<p><\/p>","protected":false},"excerpt":{"rendered":"<p>V\u00c5RA \u00c5TAGANDEN P\u00e5 Stuckbema AB har vi en fullutrustad tillverkningsverkstad till v\u00e5rt f\u00f6rfogande. Vi utf\u00f6r allt inom stuckaturer s\u00e5som reparationer, restaureringar, nyproduktion, montering mm (detta kallas nedan gemensamt f\u00f6r \u201dTj\u00e4nsterna\u201d). Vi v\u00e4rnar om den personliga integriteten och vi str\u00e4var d\u00e4rf\u00f6r efter att vara tydliga med hur vi samlar in, anv\u00e4nder, \u00f6verf\u00f6r och lagrar de personuppgifter [&hellip;]<\/p>\n","protected":false},"author":2,"featured_media":0,"parent":0,"menu_order":0,"comment_status":"closed","ping_status":"closed","template":"page-with-title","meta":{"footnotes":""},"class_list":["post-1289","page","type-page","status-publish","hentry"],"_links":{"self":[{"href":"https:\/\/akustikputsarna.se\/en\/wp-json\/wp\/v2\/pages\/1289","targetHints":{"allow":["GET"]}}],"collection":[{"href":"https:\/\/akustikputsarna.se\/en\/wp-json\/wp\/v2\/pages"}],"about":[{"href":"https:\/\/akustikputsarna.se\/en\/wp-json\/wp\/v2\/types\/page"}],"author":[{"embeddable":true,"href":"https:\/\/akustikputsarna.se\/en\/wp-json\/wp\/v2\/users\/2"}],"replies":[{"embeddable":true,"href":"https:\/\/akustikputsarna.se\/en\/wp-json\/wp\/v2\/comments?post=1289"}],"version-history":[{"count":4,"href":"https:\/\/akustikputsarna.se\/en\/wp-json\/wp\/v2\/pages\/1289\/revisions"}],"predecessor-version":[{"id":1293,"href":"https:\/\/akustikputsarna.se\/en\/wp-json\/wp\/v2\/pages\/1289\/revisions\/1293"}],"wp:attachment":[{"href":"https:\/\/akustikputsarna.se\/en\/wp-json\/wp\/v2\/media?parent=1289"}],"curies":[{"name":"wp","href":"https:\/\/api.w.org\/{rel}","templated":true}]}}